{"id":1572,"date":"2023-12-23T01:09:55","date_gmt":"2023-12-22T22:09:55","guid":{"rendered":"https:\/\/cordonblue.com.tr\/hakkimizda-copy\/"},"modified":"2025-12-15T12:25:04","modified_gmt":"2025-12-15T09:25:04","slug":"about-us","status":"publish","type":"page","link":"https:\/\/cordonblue.com.tr\/tr\/about-us\/","title":{"rendered":"HAKKIMIZDA"},"content":{"rendered":"<div data-elementor-type=\"wp-page\" data-elementor-id=\"1572\" class=\"elementor elementor-1572\">\n\t\t\t\t<div class=\"elementor-element elementor-element-5222bb1c e-con-full e-flex e-con e-parent\" data-id=\"5222bb1c\" data-element_type=\"container\" data-e-type=\"container\" data-settings=\"{&quot;background_background&quot;:&quot;classic&quot;}\">\n\t\t\t\t<div class=\"elementor-element elementor-element-459cf22c elementor-invisible elementor-widget elementor-widget-text-editor\" data-id=\"459cf22c\" data-element_type=\"widget\" data-e-type=\"widget\" data-settings=\"{&quot;_animation&quot;:&quot;fadeInDown&quot;}\" data-widget_type=\"text-editor.default\">\n\t\t\t\t<div class=\"elementor-widget-container\">\n\t\t\t\t\t\t\t\t\t<p>Cordon Blue Catering olarak her daveti unutulmaz bir gastronomi deneyimine d\u00f6n\u00fc\u015ft\u00fcrmek i\u00e7in tutku ve \u00f6zenle \u00e7al\u0131\u015f\u0131yoruz.<\/p>\t\t\t\t\t\t\t\t<\/div>\n\t\t\t\t<\/div>\n\t\t\t\t<div class=\"elementor-element elementor-element-4a6652a4 animated-slow e-transform e-transform elementor-view-default elementor-invisible elementor-widget elementor-widget-icon\" data-id=\"4a6652a4\" data-element_type=\"widget\" data-e-type=\"widget\" data-settings=\"{&quot;_animation&quot;:&quot;bounce&quot;,&quot;_transform_rotateZ_effect&quot;:{&quot;unit&quot;:&quot;px&quot;,&quot;size&quot;:&quot;&quot;,&quot;sizes&quot;:[]},&quot;_transform_rotateZ_effect_tablet&quot;:{&quot;unit&quot;:&quot;deg&quot;,&quot;size&quot;:&quot;&quot;,&quot;sizes&quot;:[]},&quot;_transform_rotateZ_effect_mobile&quot;:{&quot;unit&quot;:&quot;deg&quot;,&quot;size&quot;:&quot;&quot;,&quot;sizes&quot;:[]},&quot;_transform_scale_effect&quot;:{&quot;unit&quot;:&quot;px&quot;,&quot;size&quot;:&quot;&quot;,&quot;sizes&quot;:[]},&quot;_transform_scale_effect_tablet&quot;:{&quot;unit&quot;:&quot;px&quot;,&quot;size&quot;:&quot;&quot;,&quot;sizes&quot;:[]},&quot;_transform_scale_effect_mobile&quot;:{&quot;unit&quot;:&quot;px&quot;,&quot;size&quot;:&quot;&quot;,&quot;sizes&quot;:[]}}\" data-widget_type=\"icon.default\">\n\t\t\t\t<div class=\"elementor-widget-container\">\n\t\t\t\t\t\t\t<div class=\"elementor-icon-wrapper\">\n\t\t\t<div class=\"elementor-icon\">\n\t\t\t<i aria-hidden=\"true\" class=\"icon icon-download-arrow\"><\/i>\t\t\t<\/div>\n\t\t<\/div>\n\t\t\t\t\t\t<\/div>\n\t\t\t\t<\/div>\n\t\t\t\t<\/div>\n\t\t<div class=\"elementor-element elementor-element-235ed71 e-flex e-con-boxed e-con e-parent\" data-id=\"235ed71\" data-element_type=\"container\" data-e-type=\"container\">\n\t\t\t\t\t<div class=\"e-con-inner\">\n\t\t<div class=\"elementor-element elementor-element-1edff3f e-con-full e-flex e-con e-child\" data-id=\"1edff3f\" data-element_type=\"container\" data-e-type=\"container\">\n\t\t\t\t<div class=\"elementor-element elementor-element-8724356 elementor-widget elementor-widget-heading\" data-id=\"8724356\" data-element_type=\"widget\" data-e-type=\"widget\" data-widget_type=\"heading.default\">\n\t\t\t\t<div class=\"elementor-widget-container\">\n\t\t\t\t\t<h2 class=\"elementor-heading-title elementor-size-default\">Fuarlar<\/h2>\t\t\t\t<\/div>\n\t\t\t\t<\/div>\n\t\t<div class=\"elementor-element elementor-element-f5f613e e-con-full e-flex e-con e-child\" data-id=\"f5f613e\" data-element_type=\"container\" data-e-type=\"container\">\n\t\t\t\t<div class=\"elementor-element elementor-element-78854eb elementor-widget elementor-widget-image\" data-id=\"78854eb\" data-element_type=\"widget\" data-e-type=\"widget\" data-widget_type=\"image.default\">\n\t\t\t\t<div class=\"elementor-widget-container\">\n\t\t\t\t\t\t\t\t\t\t\t\t\t\t\t<img fetchpriority=\"high\" decoding=\"async\" width=\"512\" height=\"512\" src=\"https:\/\/cordonblue.com.tr\/wp-content\/uploads\/2025\/03\/farmer-market_18789307.png\" class=\"attachment-full size-full wp-image-2140\" alt=\"\" srcset=\"https:\/\/cordonblue.com.tr\/wp-content\/uploads\/2025\/03\/farmer-market_18789307.png 512w, https:\/\/cordonblue.com.tr\/wp-content\/uploads\/2025\/03\/farmer-market_18789307-12x12.png 12w\" sizes=\"(max-width: 512px) 100vw, 512px\" \/>\t\t\t\t\t\t\t\t\t\t\t\t\t\t\t<\/div>\n\t\t\t\t<\/div>\n\t\t\t\t<\/div>\n\t\t\t\t<div class=\"elementor-element elementor-element-a5a5106 elementor-widget elementor-widget-text-editor\" data-id=\"a5a5106\" data-element_type=\"widget\" data-e-type=\"widget\" data-widget_type=\"text-editor.default\">\n\t\t\t\t<div class=\"elementor-widget-container\">\n\t\t\t\t\t\t\t\t\t<p>Fuar ve etkinliklerinizde markan\u0131z\u0131 en iyi \u015fekilde temsil edecek lezzetleri sunuyoruz. \u00d6zel men\u00fclerimiz ve profesyonel servis ekibimizle misafirlerinize unutulmaz bir deneyim ya\u015fat\u0131yoruz.<\/p>\t\t\t\t\t\t\t\t<\/div>\n\t\t\t\t<\/div>\n\t\t\t\t<\/div>\n\t\t<div class=\"elementor-element elementor-element-92a4c75 e-con-full e-flex e-con e-child\" data-id=\"92a4c75\" data-element_type=\"container\" data-e-type=\"container\">\n\t\t\t\t<div class=\"elementor-element elementor-element-ddc0ef6 elementor-widget elementor-widget-heading\" data-id=\"ddc0ef6\" data-element_type=\"widget\" data-e-type=\"widget\" data-widget_type=\"heading.default\">\n\t\t\t\t<div class=\"elementor-widget-container\">\n\t\t\t\t\t<h2 class=\"elementor-heading-title elementor-size-default\">Sergiler<\/h2>\t\t\t\t<\/div>\n\t\t\t\t<\/div>\n\t\t<div class=\"elementor-element elementor-element-37f35a3 e-con-full e-flex e-con e-child\" data-id=\"37f35a3\" data-element_type=\"container\" data-e-type=\"container\">\n\t\t\t\t<div class=\"elementor-element elementor-element-79dfb46 elementor-widget elementor-widget-image\" data-id=\"79dfb46\" data-element_type=\"widget\" data-e-type=\"widget\" data-widget_type=\"image.default\">\n\t\t\t\t<div class=\"elementor-widget-container\">\n\t\t\t\t\t\t\t\t\t\t\t\t\t\t\t<img decoding=\"async\" width=\"512\" height=\"512\" src=\"https:\/\/cordonblue.com.tr\/wp-content\/uploads\/2025\/03\/exhibition_4201136.png\" class=\"attachment-full size-full wp-image-2142\" alt=\"\" srcset=\"https:\/\/cordonblue.com.tr\/wp-content\/uploads\/2025\/03\/exhibition_4201136.png 512w, https:\/\/cordonblue.com.tr\/wp-content\/uploads\/2025\/03\/exhibition_4201136-12x12.png 12w\" sizes=\"(max-width: 512px) 100vw, 512px\" \/>\t\t\t\t\t\t\t\t\t\t\t\t\t\t\t<\/div>\n\t\t\t\t<\/div>\n\t\t\t\t<\/div>\n\t\t\t\t<div class=\"elementor-element elementor-element-699b095 elementor-widget elementor-widget-text-editor\" data-id=\"699b095\" data-element_type=\"widget\" data-e-type=\"widget\" data-widget_type=\"text-editor.default\">\n\t\t\t\t<div class=\"elementor-widget-container\">\n\t\t\t\t\t\t\t\t\t<p>Sanat ve esteti\u011fi lezzetle bulu\u015fturuyoruz! Sergilerinizde misafirlerinize \u015f\u0131k sunumlarla haz\u0131rlanm\u0131\u015f \u00f6zel lezzetler sunarak etkinli\u011finize prestij kat\u0131yoruz.<\/p>\t\t\t\t\t\t\t\t<\/div>\n\t\t\t\t<\/div>\n\t\t\t\t<\/div>\n\t\t<div class=\"elementor-element elementor-element-3800d16 e-con-full e-flex e-con e-child\" data-id=\"3800d16\" data-element_type=\"container\" data-e-type=\"container\">\n\t\t\t\t<div class=\"elementor-element elementor-element-2343ae0 elementor-widget elementor-widget-heading\" data-id=\"2343ae0\" data-element_type=\"widget\" data-e-type=\"widget\" data-widget_type=\"heading.default\">\n\t\t\t\t<div class=\"elementor-widget-container\">\n\t\t\t\t\t<h2 class=\"elementor-heading-title elementor-size-default\">Organizasyonlar<\/h2>\t\t\t\t<\/div>\n\t\t\t\t<\/div>\n\t\t<div class=\"elementor-element elementor-element-f802820 e-con-full e-flex e-con e-child\" data-id=\"f802820\" data-element_type=\"container\" data-e-type=\"container\">\n\t\t\t\t<div class=\"elementor-element elementor-element-d84a428 elementor-widget elementor-widget-image\" data-id=\"d84a428\" data-element_type=\"widget\" data-e-type=\"widget\" data-widget_type=\"image.default\">\n\t\t\t\t<div class=\"elementor-widget-container\">\n\t\t\t\t\t\t\t\t\t\t\t\t\t\t\t<img decoding=\"async\" width=\"512\" height=\"512\" src=\"https:\/\/cordonblue.com.tr\/wp-content\/uploads\/2025\/03\/talk_10231567.png\" class=\"attachment-full size-full wp-image-2143\" alt=\"\" srcset=\"https:\/\/cordonblue.com.tr\/wp-content\/uploads\/2025\/03\/talk_10231567.png 512w, https:\/\/cordonblue.com.tr\/wp-content\/uploads\/2025\/03\/talk_10231567-12x12.png 12w\" sizes=\"(max-width: 512px) 100vw, 512px\" \/>\t\t\t\t\t\t\t\t\t\t\t\t\t\t\t<\/div>\n\t\t\t\t<\/div>\n\t\t\t\t<\/div>\n\t\t\t\t<div class=\"elementor-element elementor-element-0319528 elementor-widget elementor-widget-text-editor\" data-id=\"0319528\" data-element_type=\"widget\" data-e-type=\"widget\" data-widget_type=\"text-editor.default\">\n\t\t\t\t<div class=\"elementor-widget-container\">\n\t\t\t\t\t\t\t\t\t<p>Her organizasyon kusursuz bir lezzet deneyimini hak ediyor! \u00d6zel davetlerden kurumsal etkinliklere kadar her detay\u0131n d\u00fc\u015f\u00fcn\u00fcld\u00fc\u011f\u00fc profesyonel catering hizmetimizle yan\u0131n\u0131zday\u0131z.<\/p>\t\t\t\t\t\t\t\t<\/div>\n\t\t\t\t<\/div>\n\t\t\t\t<\/div>\n\t\t\t\t\t<\/div>\n\t\t\t\t<\/div>\n\t\t<div class=\"elementor-element elementor-element-2ae2f8b e-flex e-con-boxed e-con e-parent\" data-id=\"2ae2f8b\" data-element_type=\"container\" data-e-type=\"container\">\n\t\t\t\t\t<div class=\"e-con-inner\">\n\t\t<div class=\"elementor-element elementor-element-22f24af e-con-full e-flex e-con e-child\" data-id=\"22f24af\" data-element_type=\"container\" data-e-type=\"container\">\n\t\t\t\t<div class=\"elementor-element elementor-element-a873634 elementor-widget elementor-widget-heading\" data-id=\"a873634\" data-element_type=\"widget\" data-e-type=\"widget\" data-widget_type=\"heading.default\">\n\t\t\t\t<div class=\"elementor-widget-container\">\n\t\t\t\t\t<h2 class=\"elementor-heading-title elementor-size-default\">Etkinlikler<\/h2>\t\t\t\t<\/div>\n\t\t\t\t<\/div>\n\t\t<div class=\"elementor-element elementor-element-29d9174 e-con-full e-flex e-con e-child\" data-id=\"29d9174\" data-element_type=\"container\" data-e-type=\"container\">\n\t\t\t\t<div class=\"elementor-element elementor-element-f7668ee elementor-widget elementor-widget-image\" data-id=\"f7668ee\" data-element_type=\"widget\" data-e-type=\"widget\" data-widget_type=\"image.default\">\n\t\t\t\t<div class=\"elementor-widget-container\">\n\t\t\t\t\t\t\t\t\t\t\t\t\t\t\t<img loading=\"lazy\" decoding=\"async\" width=\"512\" height=\"512\" src=\"https:\/\/cordonblue.com.tr\/wp-content\/uploads\/2025\/03\/people_15131817.png\" class=\"attachment-full size-full wp-image-2153\" alt=\"\" srcset=\"https:\/\/cordonblue.com.tr\/wp-content\/uploads\/2025\/03\/people_15131817.png 512w, https:\/\/cordonblue.com.tr\/wp-content\/uploads\/2025\/03\/people_15131817-12x12.png 12w\" sizes=\"(max-width: 512px) 100vw, 512px\" \/>\t\t\t\t\t\t\t\t\t\t\t\t\t\t\t<\/div>\n\t\t\t\t<\/div>\n\t\t\t\t<\/div>\n\t\t\t\t<div class=\"elementor-element elementor-element-a375d4f elementor-widget elementor-widget-text-editor\" data-id=\"a375d4f\" data-element_type=\"widget\" data-e-type=\"widget\" data-widget_type=\"text-editor.default\">\n\t\t\t\t<div class=\"elementor-widget-container\">\n\t\t\t\t\t\t\t\t\t<p>\u00d6zel g\u00fcnlerinize lezzet ve zarafet kat\u0131yoruz! D\u00fc\u011f\u00fcnlerden kurumsal davetlere kadar her organizasyon i\u00e7in \u00f6zenle haz\u0131rlanm\u0131\u015f men\u00fclerimiz ve profesyonel ekibimizle unutulmaz anlar yarat\u0131yoruz.<\/p>\t\t\t\t\t\t\t\t<\/div>\n\t\t\t\t<\/div>\n\t\t\t\t<\/div>\n\t\t<div class=\"elementor-element elementor-element-ee1b5f7 e-con-full e-flex e-con e-child\" data-id=\"ee1b5f7\" data-element_type=\"container\" data-e-type=\"container\">\n\t\t\t\t<div class=\"elementor-element elementor-element-e9ff8b4 elementor-widget elementor-widget-heading\" data-id=\"e9ff8b4\" data-element_type=\"widget\" data-e-type=\"widget\" data-widget_type=\"heading.default\">\n\t\t\t\t<div class=\"elementor-widget-container\">\n\t\t\t\t\t<h2 class=\"elementor-heading-title elementor-size-default\">\u015eirket Davetiyeleri<\/h2>\t\t\t\t<\/div>\n\t\t\t\t<\/div>\n\t\t<div class=\"elementor-element elementor-element-69a392d e-con-full e-flex e-con e-child\" data-id=\"69a392d\" data-element_type=\"container\" data-e-type=\"container\">\n\t\t\t\t<div class=\"elementor-element elementor-element-f191e0e elementor-widget elementor-widget-image\" data-id=\"f191e0e\" data-element_type=\"widget\" data-e-type=\"widget\" data-widget_type=\"image.default\">\n\t\t\t\t<div class=\"elementor-widget-container\">\n\t\t\t\t\t\t\t\t\t\t\t\t\t\t\t<img loading=\"lazy\" decoding=\"async\" width=\"512\" height=\"512\" src=\"https:\/\/cordonblue.com.tr\/wp-content\/uploads\/2025\/03\/ballot_5448266.png\" class=\"attachment-full size-full wp-image-2154\" alt=\"\" srcset=\"https:\/\/cordonblue.com.tr\/wp-content\/uploads\/2025\/03\/ballot_5448266.png 512w, https:\/\/cordonblue.com.tr\/wp-content\/uploads\/2025\/03\/ballot_5448266-12x12.png 12w\" sizes=\"(max-width: 512px) 100vw, 512px\" \/>\t\t\t\t\t\t\t\t\t\t\t\t\t\t\t<\/div>\n\t\t\t\t<\/div>\n\t\t\t\t<\/div>\n\t\t\t\t<div class=\"elementor-element elementor-element-e300f8f elementor-widget elementor-widget-text-editor\" data-id=\"e300f8f\" data-element_type=\"widget\" data-e-type=\"widget\" data-widget_type=\"text-editor.default\">\n\t\t\t\t<div class=\"elementor-widget-container\">\n\t\t\t\t\t\t\t\t\t<p>\u015eirket etkinlikleriniz i\u00e7in prestijli ve profesyonel bir yemek deneyimi sunuyoruz. \u00d6zel men\u00fclerimiz ve kusursuz hizmet anlay\u0131\u015f\u0131m\u0131zla i\u015f d\u00fcnyas\u0131nda fark yaratman\u0131z\u0131 sa\u011fl\u0131yoruz.<\/p>\t\t\t\t\t\t\t\t<\/div>\n\t\t\t\t<\/div>\n\t\t\t\t<\/div>\n\t\t<div class=\"elementor-element elementor-element-4ede68b e-con-full e-flex e-con e-child\" data-id=\"4ede68b\" data-element_type=\"container\" data-e-type=\"container\">\n\t\t\t\t<div class=\"elementor-element elementor-element-a226981 elementor-widget elementor-widget-heading\" data-id=\"a226981\" data-element_type=\"widget\" data-e-type=\"widget\" data-widget_type=\"heading.default\">\n\t\t\t\t<div class=\"elementor-widget-container\">\n\t\t\t\t\t<h2 class=\"elementor-heading-title elementor-size-default\">\u00dcr\u00fcn\/Marka Lansman\u0131<\/h2>\t\t\t\t<\/div>\n\t\t\t\t<\/div>\n\t\t<div class=\"elementor-element elementor-element-d83c0e6 e-con-full e-flex e-con e-child\" data-id=\"d83c0e6\" data-element_type=\"container\" data-e-type=\"container\">\n\t\t\t\t<div class=\"elementor-element elementor-element-858beff elementor-widget elementor-widget-image\" data-id=\"858beff\" data-element_type=\"widget\" data-e-type=\"widget\" data-widget_type=\"image.default\">\n\t\t\t\t<div class=\"elementor-widget-container\">\n\t\t\t\t\t\t\t\t\t\t\t\t\t\t\t<img loading=\"lazy\" decoding=\"async\" width=\"512\" height=\"512\" src=\"https:\/\/cordonblue.com.tr\/wp-content\/uploads\/2025\/03\/promotion_1077221.png\" class=\"attachment-full size-full wp-image-2156\" alt=\"\" srcset=\"https:\/\/cordonblue.com.tr\/wp-content\/uploads\/2025\/03\/promotion_1077221.png 512w, https:\/\/cordonblue.com.tr\/wp-content\/uploads\/2025\/03\/promotion_1077221-12x12.png 12w\" sizes=\"(max-width: 512px) 100vw, 512px\" \/>\t\t\t\t\t\t\t\t\t\t\t\t\t\t\t<\/div>\n\t\t\t\t<\/div>\n\t\t\t\t<\/div>\n\t\t\t\t<div class=\"elementor-element elementor-element-859e25b elementor-widget elementor-widget-text-editor\" data-id=\"859e25b\" data-element_type=\"widget\" data-e-type=\"widget\" data-widget_type=\"text-editor.default\">\n\t\t\t\t<div class=\"elementor-widget-container\">\n\t\t\t\t\t\t\t\t\t<p>Yeni \u00fcr\u00fcn\u00fcn\u00fcz\u00fc ve markan\u0131z\u0131 tan\u0131t\u0131rken misafirlerinize unutulmaz bir lezzet deneyimi ya\u015fat\u0131n! \u015e\u0131k sunumlar\u0131m\u0131z ve \u00f6zenle haz\u0131rlanm\u0131\u015f men\u00fclerimizle lansman etkinliklerinize prestij kat\u0131yoruz.<\/p>\t\t\t\t\t\t\t\t<\/div>\n\t\t\t\t<\/div>\n\t\t\t\t<\/div>\n\t\t\t\t\t<\/div>\n\t\t\t\t<\/div>\n\t\t<div class=\"elementor-element elementor-element-c02bb98 e-con-full e-flex e-con e-parent\" data-id=\"c02bb98\" data-element_type=\"container\" data-e-type=\"container\">\n\t\t\t\t<\/div>\n\t\t<div class=\"elementor-element elementor-element-8e1519b e-flex e-con-boxed e-con e-parent\" data-id=\"8e1519b\" data-element_type=\"container\" data-e-type=\"container\">\n\t\t\t\t\t<div class=\"e-con-inner\">\n\t\t\t\t<div class=\"elementor-element elementor-element-d631f33 elementor-widget elementor-widget-spacer\" data-id=\"d631f33\" data-element_type=\"widget\" data-e-type=\"widget\" data-widget_type=\"spacer.default\">\n\t\t\t\t<div class=\"elementor-widget-container\">\n\t\t\t\t\t\t\t<div class=\"elementor-spacer\">\n\t\t\t<div class=\"elementor-spacer-inner\"><\/div>\n\t\t<\/div>\n\t\t\t\t\t\t<\/div>\n\t\t\t\t<\/div>\n\t\t\t\t<div class=\"elementor-element elementor-element-c2904d8 elementor-widget elementor-widget-heading\" data-id=\"c2904d8\" data-element_type=\"widget\" data-e-type=\"widget\" data-widget_type=\"heading.default\">\n\t\t\t\t<div class=\"elementor-widget-container\">\n\t\t\t\t\t<h2 class=\"elementor-heading-title elementor-size-default\">Hadi Birlikte B\u00fcy\u00fcyelim<\/h2>\t\t\t\t<\/div>\n\t\t\t\t<\/div>\n\t\t\t\t<div class=\"elementor-element elementor-element-14bdbef elementor-widget elementor-widget-text-editor\" data-id=\"14bdbef\" data-element_type=\"widget\" data-e-type=\"widget\" data-widget_type=\"text-editor.default\">\n\t\t\t\t<div class=\"elementor-widget-container\">\n\t\t\t\t\t\t\t\t\t<p>30\u2019dan fazla \u00fclkede faaliyet g\u00f6steren ve 100\u2019den fazla fuarda \u00f6nemli bir yer edinen Cordon Blue Catering, catering sekt\u00f6r\u00fcnde k\u00fcresel bir lider olarak kendini kan\u0131tlam\u0131\u015ft\u0131r. <br \/>Bu b\u00fcy\u00fck ailenin bir par\u00e7as\u0131 olmak i\u00e7in bizimle ileti\u015fime ge\u00e7in.<\/p>\t\t\t\t\t\t\t\t<\/div>\n\t\t\t\t<\/div>\n\t\t\t\t\t<\/div>\n\t\t\t\t<\/div>\n\t\t\t\t<\/div>","protected":false},"excerpt":{"rendered":"<p>As Cordon Blue Catering, we work with passion and care to turn every invitation into an unforgettable gastronomic experience. Fairs We offer flavors that will best represent your brand at your fairs and events. With our special menus and professional service team, we provide your guests with an unforgettable experience. Exhibitions We bring art and [&hellip;]<\/p>\n","protected":false},"author":1,"featured_media":0,"parent":0,"menu_order":0,"comment_status":"closed","ping_status":"closed","template":"","meta":{"footnotes":""},"class_list":["post-1572","page","type-page","status-publish","hentry"],"aioseo_notices":[],"_links":{"self":[{"href":"https:\/\/cordonblue.com.tr\/tr\/wp-json\/wp\/v2\/pages\/1572","targetHints":{"allow":["GET"]}}],"collection":[{"href":"https:\/\/cordonblue.com.tr\/tr\/wp-json\/wp\/v2\/pages"}],"about":[{"href":"https:\/\/cordonblue.com.tr\/tr\/wp-json\/wp\/v2\/types\/page"}],"author":[{"embeddable":true,"href":"https:\/\/cordonblue.com.tr\/tr\/wp-json\/wp\/v2\/users\/1"}],"replies":[{"embeddable":true,"href":"https:\/\/cordonblue.com.tr\/tr\/wp-json\/wp\/v2\/comments?post=1572"}],"version-history":[{"count":65,"href":"https:\/\/cordonblue.com.tr\/tr\/wp-json\/wp\/v2\/pages\/1572\/revisions"}],"predecessor-version":[{"id":2162,"href":"https:\/\/cordonblue.com.tr\/tr\/wp-json\/wp\/v2\/pages\/1572\/revisions\/2162"}],"wp:attachment":[{"href":"https:\/\/cordonblue.com.tr\/tr\/wp-json\/wp\/v2\/media?parent=1572"}],"curies":[{"name":"wp","href":"https:\/\/api.w.org\/{rel}","templated":true}]}}