{"id":715,"date":"2023-12-13T18:40:47","date_gmt":"2023-12-13T15:40:47","guid":{"rendered":"https:\/\/cordonblue.com.tr\/?page_id=715"},"modified":"2025-12-15T12:25:48","modified_gmt":"2025-12-15T09:25:48","slug":"balancing-act","status":"publish","type":"page","link":"https:\/\/cordonblue.com.tr\/tr\/balancing-act\/","title":{"rendered":"DENGE AKTI"},"content":{"rendered":"<div data-elementor-type=\"wp-page\" data-elementor-id=\"715\" class=\"elementor elementor-715\">\n\t\t\t\t<div class=\"elementor-element elementor-element-ca4ff16 e-flex e-con-boxed e-con e-parent\" data-id=\"ca4ff16\" data-element_type=\"container\" data-e-type=\"container\">\n\t\t\t\t\t<div class=\"e-con-inner\">\n\t\t\t\t<div class=\"elementor-element elementor-element-503cf73 elementor-widget elementor-widget-image\" data-id=\"503cf73\" data-element_type=\"widget\" data-e-type=\"widget\" data-widget_type=\"image.default\">\n\t\t\t\t<div class=\"elementor-widget-container\">\n\t\t\t\t\t\t\t\t\t\t\t\t\t\t\t<img decoding=\"async\" src=\"https:\/\/cordonblue.com.tr\/wp-content\/uploads\/elementor\/thumbs\/beslenme-qgr9307ee6e5e7sx8dymwbskjxhnn8qdft3qo4425k.jpg\" title=\"beslenme\" alt=\"elma ile dengeli beslenme fikri veren g\u00f6rsel\" loading=\"lazy\" \/>\t\t\t\t\t\t\t\t\t\t\t\t\t\t\t<\/div>\n\t\t\t\t<\/div>\n\t\t\t\t\t<\/div>\n\t\t\t\t<\/div>\n\t\t<div class=\"elementor-element elementor-element-eb7afd8 e-flex e-con-boxed e-con e-parent\" data-id=\"eb7afd8\" data-element_type=\"container\" data-e-type=\"container\">\n\t\t\t\t\t<div class=\"e-con-inner\">\n\t\t\t\t<div class=\"elementor-element elementor-element-76ef682 elementor-widget elementor-widget-heading\" data-id=\"76ef682\" data-element_type=\"widget\" data-e-type=\"widget\" data-widget_type=\"heading.default\">\n\t\t\t\t<div class=\"elementor-widget-container\">\n\t\t\t\t\t<h1 class=\"elementor-heading-title elementor-size-default\">DENGE AKTI: BESLENMEN\u0130N STRES Y\u00d6NET\u0130M\u0130NDEK\u0130 ROL\u00dc<\/h1>\t\t\t\t<\/div>\n\t\t\t\t<\/div>\n\t\t\t\t<div class=\"elementor-element elementor-element-dd4b684 elementor-widget elementor-widget-text-editor\" data-id=\"dd4b684\" data-element_type=\"widget\" data-e-type=\"widget\" data-widget_type=\"text-editor.default\">\n\t\t\t\t<div class=\"elementor-widget-container\">\n\t\t\t\t\t\t\t\t\t<p>Modern hayat\u0131n tela\u015f\u0131 i\u00e7inde, stres bir\u00e7ok insan i\u00e7in yayg\u0131n bir refakat\u00e7i haline geldi. G\u00fcnl\u00fck zorluklar\u0131m\u0131z\u0131 a\u015farken, beslenmenin stres y\u00f6netimindeki rol\u00fc \u00f6n plana \u00e7\u0131k\u0131yor. Bu makale, beslenme ile stres aras\u0131ndaki karma\u015f\u0131k ba\u011flant\u0131y\u0131 ke\u015ffeder ve bilin\u00e7li yeme al\u0131\u015fkanl\u0131klar\u0131 ile stresi azaltan g\u0131dalar\u0131n daha sa\u011fl\u0131kl\u0131 ve dengeli bir ya\u015fama nas\u0131l katk\u0131da bulunabilece\u011fini inceler.<\/p>\t\t\t\t\t\t\t\t<\/div>\n\t\t\t\t<\/div>\n\t\t\t\t<div class=\"elementor-element elementor-element-be69ac6 elementor-widget elementor-widget-heading\" data-id=\"be69ac6\" data-element_type=\"widget\" data-e-type=\"widget\" data-widget_type=\"heading.default\">\n\t\t\t\t<div class=\"elementor-widget-container\">\n\t\t\t\t\t<h2 class=\"elementor-heading-title elementor-size-default\">Beslenme ve Stres Aras\u0131ndaki Ba\u011flant\u0131<\/h2>\t\t\t\t<\/div>\n\t\t\t\t<\/div>\n\t\t\t\t<div class=\"elementor-element elementor-element-d23733d elementor-widget elementor-widget-text-editor\" data-id=\"d23733d\" data-element_type=\"widget\" data-e-type=\"widget\" data-widget_type=\"text-editor.default\">\n\t\t\t\t<div class=\"elementor-widget-container\">\n\t\t\t\t\t\t\t\t\t<p>Ne yedi\u011fimiz, zihinsel ve duygusal sa\u011fl\u0131\u011f\u0131m\u0131z\u0131 derinden etkiler. Bu b\u00f6l\u00fcm, beslenme ile stres aras\u0131ndaki ba\u011flant\u0131y\u0131 inceleyerek, belirli g\u0131dalar\u0131n stres seviyelerini art\u0131rabilece\u011fini veya stres y\u00f6netiminde g\u00fc\u00e7l\u00fc bir destek olabilece\u011fini vurgular. Bu ili\u015fkiyi anlamak, genel sa\u011fl\u0131\u011f\u0131 destekleyen bilin\u00e7li beslenme se\u00e7imleri yapmak i\u00e7in \u00f6nemlidir.<\/p>\t\t\t\t\t\t\t\t<\/div>\n\t\t\t\t<\/div>\n\t\t\t\t<div class=\"elementor-element elementor-element-33969f5 elementor-widget elementor-widget-heading\" data-id=\"33969f5\" data-element_type=\"widget\" data-e-type=\"widget\" data-widget_type=\"heading.default\">\n\t\t\t\t<div class=\"elementor-widget-container\">\n\t\t\t\t\t<h2 class=\"elementor-heading-title elementor-size-default\">Stresi Azaltan G\u0131dalar ve Besin Maddeleri<\/h2>\t\t\t\t<\/div>\n\t\t\t\t<\/div>\n\t\t\t\t<div class=\"elementor-element elementor-element-3a3c90b elementor-widget elementor-widget-text-editor\" data-id=\"3a3c90b\" data-element_type=\"widget\" data-e-type=\"widget\" data-widget_type=\"text-editor.default\">\n\t\t\t\t<div class=\"elementor-widget-container\">\n\t\t\t\t\t\t\t\t\t<p>Do\u011fa, g\u00fcnl\u00fck yemeklerimize dahil edebilece\u011fimiz bir dizi stresi azaltan g\u0131da ve besin maddesi sunar. Ya\u011fl\u0131 bal\u0131klardaki omega-3 ya\u011f asitlerinden, bitki \u00e7aylar\u0131n\u0131n sakinle\u015ftirici \u00f6zelliklerine kadar, stres seviyeleri \u00fczerinde olumlu bir etkisi olan g\u0131dalar\u0131n \u00e7e\u015fitli yelpazesini ke\u015ffedin. Bu b\u00f6l\u00fcm, stresi azaltan bir diyet olu\u015fturman\u0131n bir rehberi olarak hizmet verir.<\/p>\t\t\t\t\t\t\t\t<\/div>\n\t\t\t\t<\/div>\n\t\t\t\t<div class=\"elementor-element elementor-element-5158166 elementor-widget elementor-widget-heading\" data-id=\"5158166\" data-element_type=\"widget\" data-e-type=\"widget\" data-widget_type=\"heading.default\">\n\t\t\t\t<div class=\"elementor-widget-container\">\n\t\t\t\t\t<h2 class=\"elementor-heading-title elementor-size-default\">Stres Y\u00f6netiminde Bilin\u00e7li Yeme Al\u0131\u015fkanl\u0131klar\u0131<\/h2>\t\t\t\t<\/div>\n\t\t\t\t<\/div>\n\t\t\t\t<div class=\"elementor-element elementor-element-346caef elementor-widget elementor-widget-text-editor\" data-id=\"346caef\" data-element_type=\"widget\" data-e-type=\"widget\" data-widget_type=\"text-editor.default\">\n\t\t\t\t<div class=\"elementor-widget-container\">\n\t\t\t\t\t\t\t\t\t<p>Bilin\u00e7li yeme, t\u00fcketti\u011fimiz yiyecek t\u00fcrlerinin \u00f6tesine ge\u00e7er; yeme\u011fimizi nas\u0131l yedi\u011fimizle ilgilidir. Bu b\u00f6l\u00fcm, stres y\u00f6netimini geli\u015ftirebilecek bilin\u00e7li yeme al\u0131\u015fkanl\u0131klar\u0131n\u0131 ke\u015ffeder. Her lokmay\u0131 tad\u0131n\u0131 \u00e7\u0131karmaktan doygunluk belirtilerine dikkat etmeye kadar, bilin\u00e7li yeme al\u0131\u015fkanl\u0131klar\u0131n\u0131 yemek deneyimini d\u00f6n\u00fc\u015ft\u00fcrebilir ve stres seviyelerini olumlu bir \u015fekilde etkileyebilir.<\/p>\t\t\t\t\t\t\t\t<\/div>\n\t\t\t\t<\/div>\n\t\t\t\t<div class=\"elementor-element elementor-element-a275201 elementor-widget elementor-widget-heading\" data-id=\"a275201\" data-element_type=\"widget\" data-e-type=\"widget\" data-widget_type=\"heading.default\">\n\t\t\t\t<div class=\"elementor-widget-container\">\n\t\t\t\t\t<h2 class=\"elementor-heading-title elementor-size-default\">Stresi Azaltan G\u0131dalar\u0131 Catering Men\u00fclerine Entegre Etme<\/h2>\t\t\t\t<\/div>\n\t\t\t\t<\/div>\n\t\t\t\t<div class=\"elementor-element elementor-element-8c3ef88 elementor-widget elementor-widget-text-editor\" data-id=\"8c3ef88\" data-element_type=\"widget\" data-e-type=\"widget\" data-widget_type=\"text-editor.default\">\n\t\t\t\t<div class=\"elementor-widget-container\">\n\t\t\t\t\t\t\t\t\t<p>Catering, bireylerin beslenme tercihlerini etkilemede \u00f6nemli bir rol oynar, hatta etkinlikler ve toplant\u0131lar s\u0131ras\u0131nda. Bu b\u00f6l\u00fcm, catering men\u00fclerinin stresi azaltan g\u0131dalar\u0131 i\u00e7erecek \u015fekilde tasarlanabilece\u011fini tart\u0131\u015f\u0131r. Besin a\u00e7\u0131s\u0131ndan zengin salatalar, ruh hali art\u0131r\u0131c\u0131 meyveler veya bitki \u00e7aylar\u0131 i\u00e7eren yemekler sunmak, catering profesyonellerinin konuklar\u0131n refah\u0131na katk\u0131da bulunmalar\u0131na yard\u0131mc\u0131 olabilir.<\/p>\t\t\t\t\t\t\t\t<\/div>\n\t\t\t\t<\/div>\n\t\t\t\t<div class=\"elementor-element elementor-element-d2e2f4d elementor-widget elementor-widget-heading\" data-id=\"d2e2f4d\" data-element_type=\"widget\" data-e-type=\"widget\" data-widget_type=\"heading.default\">\n\t\t\t\t<div class=\"elementor-widget-container\">\n\t\t\t\t\t<h2 class=\"elementor-heading-title elementor-size-default\">Cateringin Sa\u011fl\u0131\u011f\u0131 Te\u015fvik Etmedeki Rol\u00fc<\/h2>\t\t\t\t<\/div>\n\t\t\t\t<\/div>\n\t\t\t\t<div class=\"elementor-element elementor-element-2fb1d91 elementor-widget elementor-widget-text-editor\" data-id=\"2fb1d91\" data-element_type=\"widget\" data-e-type=\"widget\" data-widget_type=\"text-editor.default\">\n\t\t\t\t<div class=\"elementor-widget-container\">\n\t\t\t\t\t\t\t\t\t<p>Lezzetli tatlar ve sunumun \u00f6tesinde, cateringin sa\u011fl\u0131\u011f\u0131 destekleme g\u00fcc\u00fc vard\u0131r. Bu b\u00f6l\u00fcm, cateringin bireylerin genel sa\u011fl\u0131k ve mutlulu\u011funu desteklemedeki daha geni\u015f rol\u00fcn\u00fc ke\u015ffeder. Besleyici ve stresi azaltan men\u00fc se\u00e7eneklerine \u00f6ncelik vererek, catering hizmetleri, genel bir iyilik k\u00fclt\u00fcr\u00fcn\u00fcn destek\u00e7ileri haline gelebilir.<\/p>\t\t\t\t\t\t\t\t<\/div>\n\t\t\t\t<\/div>\n\t\t\t\t<div class=\"elementor-element elementor-element-b03100c elementor-widget elementor-widget-text-editor\" data-id=\"b03100c\" data-element_type=\"widget\" data-e-type=\"widget\" data-widget_type=\"text-editor.default\">\n\t\t\t\t<div class=\"elementor-widget-container\">\n\t\t\t\t\t\t\t\t\t<p>\u0130\u00e7inde bulundu\u011fumuz h\u0131zl\u0131 tempolu d\u00fcnyada denge bulmak, genel sa\u011fl\u0131k i\u00e7in \u00f6nemlidir ve beslenme bu dengeyi sa\u011flamakta \u00f6nemli bir role sahiptir. Beslenmenin stres y\u00f6netimindeki rol\u00fcn\u00fc ke\u015ffetmemizin sonunda, bilin\u00e7li yeme ve stresi azaltan g\u0131dalara odaklanman\u0131n d\u00f6n\u00fc\u015ft\u00fcr\u00fcc\u00fc olabilece\u011fi a\u00e7\u0131kt\u0131r. G\u00fcnl\u00fck se\u00e7imlerimizde veya catering men\u00fclerinde olsun, beslenme ile stres aras\u0131ndaki ba\u011flant\u0131, daha dayan\u0131kl\u0131 ve uyumlu bir ya\u015fam i\u00e7in bir yol sunar. Bu denge akt\u0131n\u0131 benimseyerek, daha sa\u011fl\u0131kl\u0131, daha beslenmi\u015f bir gelece\u011fe yol a\u00e7\u0131yoruz.<\/p>\t\t\t\t\t\t\t\t<\/div>\n\t\t\t\t<\/div>\n\t\t\t\t\t<\/div>\n\t\t\t\t<\/div>\n\t\t\t\t<\/div>","protected":false},"excerpt":{"rendered":"<p>BALANCING ACT: THE ROLE OF NUTRITION IN STRESS MANAGEMENT In the hustle and bustle of modern life, stress has become a common companion for many. As we navigate our daily challenges, the role of nutrition in stress management takes center stage. This article explores the intricate connection between diet and stress and how mindful eating [&hellip;]<\/p>\n","protected":false},"author":1,"featured_media":0,"parent":0,"menu_order":0,"comment_status":"closed","ping_status":"closed","template":"","meta":{"footnotes":""},"class_list":["post-715","page","type-page","status-publish","hentry"],"aioseo_notices":[],"_links":{"self":[{"href":"https:\/\/cordonblue.com.tr\/tr\/wp-json\/wp\/v2\/pages\/715","targetHints":{"allow":["GET"]}}],"collection":[{"href":"https:\/\/cordonblue.com.tr\/tr\/wp-json\/wp\/v2\/pages"}],"about":[{"href":"https:\/\/cordonblue.com.tr\/tr\/wp-json\/wp\/v2\/types\/page"}],"author":[{"embeddable":true,"href":"https:\/\/cordonblue.com.tr\/tr\/wp-json\/wp\/v2\/users\/1"}],"replies":[{"embeddable":true,"href":"https:\/\/cordonblue.com.tr\/tr\/wp-json\/wp\/v2\/comments?post=715"}],"version-history":[{"count":6,"href":"https:\/\/cordonblue.com.tr\/tr\/wp-json\/wp\/v2\/pages\/715\/revisions"}],"predecessor-version":[{"id":1630,"href":"https:\/\/cordonblue.com.tr\/tr\/wp-json\/wp\/v2\/pages\/715\/revisions\/1630"}],"wp:attachment":[{"href":"https:\/\/cordonblue.com.tr\/tr\/wp-json\/wp\/v2\/media?parent=715"}],"curies":[{"name":"wp","href":"https:\/\/api.w.org\/{rel}","templated":true}]}}