{"id":737,"date":"2023-12-13T21:53:52","date_gmt":"2023-12-13T18:53:52","guid":{"rendered":"https:\/\/cordonblue.com.tr\/denge-akti-copy\/"},"modified":"2023-12-23T14:21:26","modified_gmt":"2023-12-23T11:21:26","slug":"catering-for-wellness","status":"publish","type":"page","link":"https:\/\/cordonblue.com.tr\/tr\/catering-for-wellness\/","title":{"rendered":"WELLNESS ODAKLI CATERING"},"content":{"rendered":"<div data-elementor-type=\"wp-page\" data-elementor-id=\"737\" class=\"elementor elementor-737\">\n\t\t\t\t<div class=\"elementor-element elementor-element-ca4ff16 e-flex e-con-boxed e-con e-parent\" data-id=\"ca4ff16\" data-element_type=\"container\" data-e-type=\"container\">\n\t\t\t\t\t<div class=\"e-con-inner\">\n\t\t\t\t<div class=\"elementor-element elementor-element-503cf73 elementor-widget elementor-widget-image\" data-id=\"503cf73\" data-element_type=\"widget\" data-e-type=\"widget\" data-widget_type=\"image.default\">\n\t\t\t\t<div class=\"elementor-widget-container\">\n\t\t\t\t\t\t\t\t\t\t\t\t\t\t\t<img decoding=\"async\" src=\"https:\/\/cordonblue.com.tr\/wp-content\/uploads\/elementor\/thumbs\/CATERING-qgrizqwa7kqtqfm743aapszgvh5nzryytiiunp62nc.jpg\" title=\"CATERING\" alt=\"G\u00fczel haz\u0131rlanm\u0131\u015f bir catering men\u00fcs\u00fc\" loading=\"lazy\" \/>\t\t\t\t\t\t\t\t\t\t\t\t\t\t\t<\/div>\n\t\t\t\t<\/div>\n\t\t\t\t\t<\/div>\n\t\t\t\t<\/div>\n\t\t<div class=\"elementor-element elementor-element-eb7afd8 e-flex e-con-boxed e-con e-parent\" data-id=\"eb7afd8\" data-element_type=\"container\" data-e-type=\"container\">\n\t\t\t\t\t<div class=\"e-con-inner\">\n\t\t\t\t<div class=\"elementor-element elementor-element-76ef682 elementor-widget elementor-widget-heading\" data-id=\"76ef682\" data-element_type=\"widget\" data-e-type=\"widget\" data-widget_type=\"heading.default\">\n\t\t\t\t<div class=\"elementor-widget-container\">\n\t\t\t\t\t<h1 class=\"elementor-heading-title elementor-size-default\">WELLNESS ODAKLI CATERING: ETK\u0130NL\u0130KLERDE SA\u011eLIKLI SE\u00c7ENEKLER<\/h1>\t\t\t\t<\/div>\n\t\t\t\t<\/div>\n\t\t\t\t<div class=\"elementor-element elementor-element-dd4b684 elementor-widget elementor-widget-text-editor\" data-id=\"dd4b684\" data-element_type=\"widget\" data-e-type=\"widget\" data-widget_type=\"text-editor.default\">\n\t\t\t\t<div class=\"elementor-widget-container\">\n\t\t\t\t\t\t\t\t\t<p>Gittik\u00e7e daha \u00e7ok sa\u011fl\u0131k bilincine sahip bir d\u00fcnyada, catering end\u00fcstrisi etkinliklerde sa\u011fl\u0131k ve wellness'\u0131 te\u015fvik etme konusunda d\u00f6n\u00fc\u015f\u00fcme u\u011fruyor. Bu makale, cateringin evrimle\u015fen peyzaj\u0131n\u0131 ke\u015ffeder ve etkinlik kat\u0131l\u0131mc\u0131lar\u0131 i\u00e7in genel deneyimi art\u0131rmak amac\u0131yla daha sa\u011fl\u0131kl\u0131 se\u00e7eneklerin entegrasyonuna odaklan\u0131r.<\/p>\t\t\t\t\t\t\t\t<\/div>\n\t\t\t\t<\/div>\n\t\t\t\t<div class=\"elementor-element elementor-element-be69ac6 elementor-widget elementor-widget-heading\" data-id=\"be69ac6\" data-element_type=\"widget\" data-e-type=\"widget\" data-widget_type=\"heading.default\">\n\t\t\t\t<div class=\"elementor-widget-container\">\n\t\t\t\t\t<h2 class=\"elementor-heading-title elementor-size-default\">Sa\u011fl\u0131kl\u0131 Catering Se\u00e7eneklerine Do\u011fru Kay\u0131\u015f<\/h2>\t\t\t\t<\/div>\n\t\t\t\t<\/div>\n\t\t\t\t<div class=\"elementor-element elementor-element-d23733d elementor-widget elementor-widget-text-editor\" data-id=\"d23733d\" data-element_type=\"widget\" data-e-type=\"widget\" data-widget_type=\"text-editor.default\">\n\t\t\t\t<div class=\"elementor-widget-container\">\n\t\t\t\t\t\t\t\t\t<p>Etkinlik cateringinin yaln\u0131zca \u015f\u0131mart\u0131c\u0131 ve genellikle sa\u011fl\u0131ks\u0131z se\u00e7enekler etraf\u0131nda d\u00f6nd\u00fc\u011f\u00fc g\u00fcnler geride kald\u0131. Bug\u00fcn, konuklar\u0131n \u00e7e\u015fitli diyet tercihlerine hitap eden besleyici ve dengeli se\u00e7eneklere y\u00f6nelik belirgin bir kayma g\u00f6zlemlenmektedir. Bu b\u00f6l\u00fcm, bu kayma\u0131n nedenlerine ve catering end\u00fcstrisine olan etkilerine dair detaylara iner.<\/p>\t\t\t\t\t\t\t\t<\/div>\n\t\t\t\t<\/div>\n\t\t\t\t<div class=\"elementor-element elementor-element-33969f5 elementor-widget elementor-widget-heading\" data-id=\"33969f5\" data-element_type=\"widget\" data-e-type=\"widget\" data-widget_type=\"heading.default\">\n\t\t\t\t<div class=\"elementor-widget-container\">\n\t\t\t\t\t<h2 class=\"elementor-heading-title elementor-size-default\">Wellness Odakl\u0131 Men\u00fcler Tasarlamak<\/h2>\t\t\t\t<\/div>\n\t\t\t\t<\/div>\n\t\t\t\t<div class=\"elementor-element elementor-element-3a3c90b elementor-widget elementor-widget-text-editor\" data-id=\"3a3c90b\" data-element_type=\"widget\" data-e-type=\"widget\" data-widget_type=\"text-editor.default\">\n\t\t\t\t<div class=\"elementor-widget-container\">\n\t\t\t\t\t\t\t\t\t<p>Wellness odakl\u0131 catering, her yeme\u011fin besin de\u011ferini \u00f6ncelikli olarak ele alan d\u00fc\u015f\u00fcnceli bir men\u00fc planlamay\u0131 i\u00e7erir. Taze meyve ve sebzelerin \u00e7e\u015fitlili\u011fini dahil etmekten, d\u00fc\u015f\u00fck ya\u011fl\u0131 protein kaynaklar\u0131n\u0131 ke\u015ffetmeye kadar, bu b\u00f6l\u00fcm wellness odakl\u0131 men\u00fcler tasarlaman\u0131n ana unsurlar\u0131n\u0131 a\u00e7\u0131klar. Ama\u00e7, lezzet tomurcuklar\u0131n\u0131 tatmin etmenin \u00f6tesinde, kat\u0131l\u0131mc\u0131lar\u0131n genel sa\u011fl\u0131\u011f\u0131na katk\u0131da bulunan bir yemek deneyimi yaratmakt\u0131r.<\/p>\t\t\t\t\t\t\t\t<\/div>\n\t\t\t\t<\/div>\n\t\t\t\t<div class=\"elementor-element elementor-element-5158166 elementor-widget elementor-widget-heading\" data-id=\"5158166\" data-element_type=\"widget\" data-e-type=\"widget\" data-widget_type=\"heading.default\">\n\t\t\t\t<div class=\"elementor-widget-container\">\n\t\t\t\t\t<h2 class=\"elementor-heading-title elementor-size-default\">S\u0131k\u00e7a G\u00f6r\u00fclen Etkinlik Yiyecekleri \u0130\u00e7in Besleyici Alternatifler<\/h2>\t\t\t\t<\/div>\n\t\t\t\t<\/div>\n\t\t\t\t<div class=\"elementor-element elementor-element-346caef elementor-widget elementor-widget-text-editor\" data-id=\"346caef\" data-element_type=\"widget\" data-e-type=\"widget\" data-widget_type=\"text-editor.default\">\n\t\t\t\t<div class=\"elementor-widget-container\">\n\t\t\t\t\t\t\t\t\t<p>Geleneksel etkinlik yiyecekleri genellikle \u015f\u0131mart\u0131c\u0131 taraf\u0131nda olsa da, daha sa\u011fl\u0131kl\u0131 alternatifler de ayn\u0131 derecede tatmin edici olabilir. Bu b\u00f6l\u00fcm, s\u0131k\u00e7a g\u00f6r\u00fclen etkinlik yiyecekleri i\u00e7in besleyici alternatifleri ke\u015ffeder ve klasik favorilerin wellness hedefleriyle uyumlu hale getirilebilece\u011fi konusunda i\u00e7g\u00f6r\u00fcler sunar. Sa\u011fl\u0131k odakl\u0131 catering, men\u00fc geli\u015ftirmede yarat\u0131c\u0131l\u0131\u011f\u0131 i\u00e7erir.<\/p>\t\t\t\t\t\t\t\t<\/div>\n\t\t\t\t<\/div>\n\t\t\t\t<div class=\"elementor-element elementor-element-a275201 elementor-widget elementor-widget-heading\" data-id=\"a275201\" data-element_type=\"widget\" data-e-type=\"widget\" data-widget_type=\"heading.default\">\n\t\t\t\t<div class=\"elementor-widget-container\">\n\t\t\t\t\t<h2 class=\"elementor-heading-title elementor-size-default\">Sa\u011fl\u0131\u011f\u0131 \u00d6nceliklendirmek \u0130\u00e7in M\u00fc\u015fterilerle \u0130\u015fbirli\u011fi<\/h2>\t\t\t\t<\/div>\n\t\t\t\t<\/div>\n\t\t\t\t<div class=\"elementor-element elementor-element-8c3ef88 elementor-widget elementor-widget-text-editor\" data-id=\"8c3ef88\" data-element_type=\"widget\" data-e-type=\"widget\" data-widget_type=\"text-editor.default\">\n\t\t\t\t<div class=\"elementor-widget-container\">\n\t\t\t\t\t\t\t\t\t<p>Sa\u011fl\u0131k odakl\u0131 hedefleriyle catering hizmetlerini uyumlu hale getirmek i\u00e7in m\u00fc\u015fterilerle etkili i\u015fbirli\u011fi kritiktir. Diyet tercihleri, wellness hedefleri ve \u00f6zel beslenme gereksinimleri hakk\u0131nda g\u00f6r\u00fc\u015fmek, catering deneyiminin sa\u011fl\u0131\u011f\u0131 te\u015fvik etmeye uygun \u015fekilde \u00f6zelle\u015ftirilmesini sa\u011flar. Bu b\u00f6l\u00fcm, i\u015fbirli\u011fi s\u00fcrecini ve wellness odakl\u0131 bir etkinlik sunmada \u00f6nemini ke\u015ffeder.<\/p>\t\t\t\t\t\t\t\t<\/div>\n\t\t\t\t<\/div>\n\t\t\t\t<div class=\"elementor-element elementor-element-d2e2f4d elementor-widget elementor-widget-heading\" data-id=\"d2e2f4d\" data-element_type=\"widget\" data-e-type=\"widget\" data-widget_type=\"heading.default\">\n\t\t\t\t<div class=\"elementor-widget-container\">\n\t\t\t\t\t<h2 class=\"elementor-heading-title elementor-size-default\">Pozitif M\u00fc\u015fteri Geri Bildirimleri ve Ba\u015far\u0131 Hikayeleri<\/h2>\t\t\t\t<\/div>\n\t\t\t\t<\/div>\n\t\t\t\t<div class=\"elementor-element elementor-element-2fb1d91 elementor-widget elementor-widget-text-editor\" data-id=\"2fb1d91\" data-element_type=\"widget\" data-e-type=\"widget\" data-widget_type=\"text-editor.default\">\n\t\t\t\t<div class=\"elementor-widget-container\">\n\t\t\t\t\t\t\t\t\t<p>M\u00fc\u015fteri geri bildirimleri ve ba\u015far\u0131 hikayeleri, wellness odakl\u0131 cateringin etkisinin g\u00fc\u00e7l\u00fc g\u00f6stergeleridir. Bu b\u00f6l\u00fcm, m\u00fc\u015fterilerin ve kat\u0131l\u0131mc\u0131lar\u0131n sadece lezzetli yemeklerin tad\u0131n\u0131 \u00e7\u0131karmakla kalmay\u0131p ayn\u0131 zamanda sa\u011fl\u0131k ve wellness \u00fczerinde vurgu yap\u0131lmas\u0131n\u0131 da takdir ettikleri pozitif deneyimleri ve ba\u015far\u0131 hikayelerini vurgular. Ger\u00e7ek hayattan \u00f6rnekler, catering end\u00fcstrisine wellness'a \u00f6ncelik verme konusunda ilham kayna\u011f\u0131 olu\u015fturur.<\/p>\t\t\t\t\t\t\t\t<\/div>\n\t\t\t\t<\/div>\n\t\t\t\t<div class=\"elementor-element elementor-element-b03100c elementor-widget elementor-widget-text-editor\" data-id=\"b03100c\" data-element_type=\"widget\" data-e-type=\"widget\" data-widget_type=\"text-editor.default\">\n\t\t\t\t<div class=\"elementor-widget-container\">\n\t\t\t\t\t\t\t\t\t<p>Catering peyzaj\u0131 evrildik\u00e7e, wellness odakl\u0131 se\u00e7eneklerin entegrasyonu ba\u015far\u0131 i\u00e7in ka\u00e7\u0131n\u0131lmaz hale geliyor. Etkinlik cateringinde sa\u011fl\u0131\u011f\u0131 \u00f6nceliklendirmek sadece bir trend de\u011fil, ayn\u0131 zamanda beslenme ile wellness aras\u0131ndaki ba\u011flant\u0131n\u0131n giderek artan bir fark\u0131ndal\u0131\u011f\u0131n bir yans\u0131mas\u0131d\u0131r. Sonu\u00e7 olarak, wellness odakl\u0131 catering bir lezzet yolculu\u011fundan daha fazlas\u0131n\u0131 i\u00e7erir; bu, v\u00fccut ve ruhu besleyen, etkinlik kat\u0131l\u0131mc\u0131lar\u0131 \u00fczerinde pozitif bir etki b\u0131rakan unutulmaz deneyimler yaratma hakk\u0131nda bir \u015feydir. Cateringin gelece\u011fi, lezzetli tatlar ile besin de\u011ferinin uyum i\u00e7inde oldu\u011fu, her etkinli\u011fi iyilik kutlamas\u0131na d\u00f6n\u00fc\u015ft\u00fcren bir gelecek.<\/p>\t\t\t\t\t\t\t\t<\/div>\n\t\t\t\t<\/div>\n\t\t\t\t\t<\/div>\n\t\t\t\t<\/div>\n\t\t\t\t<\/div>","protected":false},"excerpt":{"rendered":"<p>CATERING FOR WELLNESS: HEALTHY CHOICES AT EVENTS In a world increasingly conscious of well-being, the catering industry is undergoing a transformative shift toward promoting health and wellness at events. This article explores the evolving landscape of catering, focusing on the integration of healthier choices to enhance the overall experience for event attendees. The Shift Toward [&hellip;]<\/p>\n","protected":false},"author":1,"featured_media":0,"parent":0,"menu_order":0,"comment_status":"closed","ping_status":"closed","template":"","meta":{"footnotes":""},"class_list":["post-737","page","type-page","status-publish","hentry"],"aioseo_notices":[],"_links":{"self":[{"href":"https:\/\/cordonblue.com.tr\/tr\/wp-json\/wp\/v2\/pages\/737","targetHints":{"allow":["GET"]}}],"collection":[{"href":"https:\/\/cordonblue.com.tr\/tr\/wp-json\/wp\/v2\/pages"}],"about":[{"href":"https:\/\/cordonblue.com.tr\/tr\/wp-json\/wp\/v2\/types\/page"}],"author":[{"embeddable":true,"href":"https:\/\/cordonblue.com.tr\/tr\/wp-json\/wp\/v2\/users\/1"}],"replies":[{"embeddable":true,"href":"https:\/\/cordonblue.com.tr\/tr\/wp-json\/wp\/v2\/comments?post=737"}],"version-history":[{"count":6,"href":"https:\/\/cordonblue.com.tr\/tr\/wp-json\/wp\/v2\/pages\/737\/revisions"}],"predecessor-version":[{"id":1636,"href":"https:\/\/cordonblue.com.tr\/tr\/wp-json\/wp\/v2\/pages\/737\/revisions\/1636"}],"wp:attachment":[{"href":"https:\/\/cordonblue.com.tr\/tr\/wp-json\/wp\/v2\/media?parent=737"}],"curies":[{"name":"wp","href":"https:\/\/api.w.org\/{rel}","templated":true}]}}