{"id":774,"date":"2023-12-14T20:57:05","date_gmt":"2023-12-14T17:57:05","guid":{"rendered":"https:\/\/cordonblue.com.tr\/yolda-beslenme-copy\/"},"modified":"2023-12-23T14:21:53","modified_gmt":"2023-12-23T11:21:53","slug":"sustainable-catering","status":"publish","type":"page","link":"https:\/\/cordonblue.com.tr\/tr\/sustainable-catering\/","title":{"rendered":"S\u00dcRD\u00dcR\u00dcLEB\u0130L\u0130R CATERING"},"content":{"rendered":"<div data-elementor-type=\"wp-page\" data-elementor-id=\"774\" class=\"elementor elementor-774\">\n\t\t\t\t<div class=\"elementor-element elementor-element-ca4ff16 e-flex e-con-boxed e-con e-parent\" data-id=\"ca4ff16\" data-element_type=\"container\" data-e-type=\"container\">\n\t\t\t\t\t<div class=\"e-con-inner\">\n\t\t\t\t<div class=\"elementor-element elementor-element-503cf73 elementor-widget elementor-widget-image\" data-id=\"503cf73\" data-element_type=\"widget\" data-e-type=\"widget\" data-widget_type=\"image.default\">\n\t\t\t\t<div class=\"elementor-widget-container\">\n\t\t\t\t\t\t\t\t\t\t\t\t\t\t\t<img decoding=\"async\" src=\"https:\/\/cordonblue.com.tr\/wp-content\/uploads\/elementor\/thumbs\/surdurulebilir-catering-qgt76wmhbhf7otp3fcvlzfhehxi7tcfxryf8j9weso.jpg\" title=\"surdurulebilir-catering\" alt=\"g\u00fczel haz\u0131rlanm\u0131\u015f s\u0131f\u0131r at\u0131k bir catering taba\u011f\u0131\" loading=\"lazy\" \/>\t\t\t\t\t\t\t\t\t\t\t\t\t\t\t<\/div>\n\t\t\t\t<\/div>\n\t\t\t\t\t<\/div>\n\t\t\t\t<\/div>\n\t\t<div class=\"elementor-element elementor-element-eb7afd8 e-flex e-con-boxed e-con e-parent\" data-id=\"eb7afd8\" data-element_type=\"container\" data-e-type=\"container\">\n\t\t\t\t\t<div class=\"e-con-inner\">\n\t\t\t\t<div class=\"elementor-element elementor-element-76ef682 elementor-widget elementor-widget-heading\" data-id=\"76ef682\" data-element_type=\"widget\" data-e-type=\"widget\" data-widget_type=\"heading.default\">\n\t\t\t\t<div class=\"elementor-widget-container\">\n\t\t\t\t\t<h1 class=\"elementor-heading-title elementor-size-default\">S\u00dcRD\u00dcR\u00dcLEB\u0130L\u0130R CATERING: KARBON AYAK \u0130Z\u0130N\u0130Z\u0130 AZALTIN<\/h1>\t\t\t\t<\/div>\n\t\t\t\t<\/div>\n\t\t\t\t<div class=\"elementor-element elementor-element-dd4b684 elementor-widget elementor-widget-text-editor\" data-id=\"dd4b684\" data-element_type=\"widget\" data-e-type=\"widget\" data-widget_type=\"text-editor.default\">\n\t\t\t\t<div class=\"elementor-widget-container\">\n\t\t\t\t\t\t\t\t\t<p>\u00c7evresel bilincin \u00f6n planda oldu\u011fu bir d\u00f6nemde, s\u00fcrd\u00fcr\u00fclebilir catering, karbon ayak izini azaltmak isteyenler i\u00e7in bilin\u00e7li bir tercih olarak ortaya \u00e7\u0131kt\u0131. Bu makale, cateringin \u00e7evreye olan etkilerini ke\u015ffeder ve sekt\u00f6rde s\u00fcrd\u00fcr\u00fclebilir de\u011fi\u015fiklikler yapmak isteyenler i\u00e7in uygulanabilecek uygulamalar\u0131 tan\u0131t\u0131r.<\/p>\t\t\t\t\t\t\t\t<\/div>\n\t\t\t\t<\/div>\n\t\t\t\t<div class=\"elementor-element elementor-element-be69ac6 elementor-widget elementor-widget-heading\" data-id=\"be69ac6\" data-element_type=\"widget\" data-e-type=\"widget\" data-widget_type=\"heading.default\">\n\t\t\t\t<div class=\"elementor-widget-container\">\n\t\t\t\t\t<h2 class=\"elementor-heading-title elementor-size-default\">Cateringin \u00c7evreye Olan Etkisi<\/h2>\t\t\t\t<\/div>\n\t\t\t\t<\/div>\n\t\t\t\t<div class=\"elementor-element elementor-element-d23733d elementor-widget elementor-widget-text-editor\" data-id=\"d23733d\" data-element_type=\"widget\" data-e-type=\"widget\" data-widget_type=\"text-editor.default\">\n\t\t\t\t<div class=\"elementor-widget-container\">\n\t\t\t\t\t\t\t\t\t<p>Catering, \u00f6l\u00e7e\u011fi ve kapsam\u0131yla \u00e7evreyi \u00f6nemli \u00f6l\u00e7\u00fcde etkileyebilir. Ta\u015f\u0131ma emisyonlar\u0131ndan fazla ambalajlamaya kadar, bu b\u00f6l\u00fcm catering operasyonlar\u0131n\u0131n karbon ayak izine nas\u0131l katk\u0131da bulundu\u011funu inceler. Bu etkileri kabul etmek, sekt\u00f6rde s\u00fcrd\u00fcr\u00fclebilir de\u011fi\u015fiklikler yapman\u0131n ilk ad\u0131m\u0131d\u0131r.<\/p>\t\t\t\t\t\t\t\t<\/div>\n\t\t\t\t<\/div>\n\t\t\t\t<div class=\"elementor-element elementor-element-33969f5 elementor-widget elementor-widget-heading\" data-id=\"33969f5\" data-element_type=\"widget\" data-e-type=\"widget\" data-widget_type=\"heading.default\">\n\t\t\t\t<div class=\"elementor-widget-container\">\n\t\t\t\t\t<h2 class=\"elementor-heading-title elementor-size-default\">S\u00fcrd\u00fcr\u00fclebilir Kaynak Kullan\u0131m\u0131: Yerel ve Etik<\/h2>\t\t\t\t<\/div>\n\t\t\t\t<\/div>\n\t\t\t\t<div class=\"elementor-element elementor-element-3a3c90b elementor-widget elementor-widget-text-editor\" data-id=\"3a3c90b\" data-element_type=\"widget\" data-e-type=\"widget\" data-widget_type=\"text-editor.default\">\n\t\t\t\t<div class=\"elementor-widget-container\">\n\t\t\t\t\t\t\t\t\t<p>S\u00fcrd\u00fcr\u00fclebilir cateringin temel ta\u015flar\u0131ndan biri yerel ve etik kaynak kullan\u0131m\u0131d\u0131r. Bu b\u00f6l\u00fcm, yerel \u00fcretilen ve etik kaynaklardan temin edilen g\u0131da \u00fcr\u00fcnlerini se\u00e7menin avantajlar\u0131n\u0131 tart\u0131\u015f\u0131r. Yerel \u00e7ift\u00e7ilere ve \u00fcreticilere destekle, catering profesyonelleri sadece \u00e7evresel etkilerini azaltmakla kalmaz, ayn\u0131 zamanda yerel topluluklar\u0131n refah\u0131n\u0131 da destekler.<\/p>\t\t\t\t\t\t\t\t<\/div>\n\t\t\t\t<\/div>\n\t\t\t\t<div class=\"elementor-element elementor-element-5158166 elementor-widget elementor-widget-heading\" data-id=\"5158166\" data-element_type=\"widget\" data-e-type=\"widget\" data-widget_type=\"heading.default\">\n\t\t\t\t<div class=\"elementor-widget-container\">\n\t\t\t\t\t<h2 class=\"elementor-heading-title elementor-size-default\">Catering Operasyonlar\u0131nda G\u0131da \u0130sraf\u0131n\u0131 Azaltma<\/h2>\t\t\t\t<\/div>\n\t\t\t\t<\/div>\n\t\t\t\t<div class=\"elementor-element elementor-element-346caef elementor-widget elementor-widget-text-editor\" data-id=\"346caef\" data-element_type=\"widget\" data-e-type=\"widget\" data-widget_type=\"text-editor.default\">\n\t\t\t\t<div class=\"elementor-widget-container\">\n\t\t\t\t\t\t\t\t\t<p>G\u0131da israf\u0131, catering end\u00fcstrisinde b\u00fcy\u00fck bir sorundur. Bu b\u00f6l\u00fcm, catering operasyonlar\u0131nda g\u0131da israf\u0131n\u0131 azaltmak i\u00e7in etkili stratejilere dair i\u00e7g\u00f6r\u00fcler sunar. D\u00fc\u015f\u00fcnceli men\u00fc planlamas\u0131ndan ba\u011f\u0131\u015f programlar\u0131 uygulamaya kadar, catering profesyonelleri, g\u0131dan\u0131n \u00e7\u00f6pl\u00fcklerde sona erme miktar\u0131n\u0131 en aza indirmede \u00f6nemli bir rol oynayabilir.<\/p>\t\t\t\t\t\t\t\t<\/div>\n\t\t\t\t<\/div>\n\t\t\t\t<div class=\"elementor-element elementor-element-a275201 elementor-widget elementor-widget-heading\" data-id=\"a275201\" data-element_type=\"widget\" data-e-type=\"widget\" data-widget_type=\"heading.default\">\n\t\t\t\t<div class=\"elementor-widget-container\">\n\t\t\t\t\t<h2 class=\"elementor-heading-title elementor-size-default\">Etkinlik Cateringinde Ekolojik Dostu Uygulamalar<\/h2>\t\t\t\t<\/div>\n\t\t\t\t<\/div>\n\t\t\t\t<div class=\"elementor-element elementor-element-8c3ef88 elementor-widget elementor-widget-text-editor\" data-id=\"8c3ef88\" data-element_type=\"widget\" data-e-type=\"widget\" data-widget_type=\"text-editor.default\">\n\t\t\t\t<div class=\"elementor-widget-container\">\n\t\t\t\t\t\t\t\t\t<p>Etkinlik cateringi, benzersiz zorluklar\u0131yla birlikte, hala ekolojik dostu uygulamalar\u0131 benimseyebilir. Bu b\u00f6l\u00fcm, etkinlik cateringi i\u00e7in s\u00fcrd\u00fcr\u00fclebilir se\u00e7enekleri ke\u015ffeder; tek kullan\u0131ml\u0131k plastiklere alternatifler, enerji verimli pi\u015firme y\u00f6ntemleri ve etkinlikler s\u0131ras\u0131nda at\u0131k azaltma \u00f6nlemleri. Bu uygulamalar\u0131n benimsenmesi, daha \u00e7evre dostu bir etkinlik deneyimine katk\u0131da bulunur.<\/p>\t\t\t\t\t\t\t\t<\/div>\n\t\t\t\t<\/div>\n\t\t\t\t<div class=\"elementor-element elementor-element-d2e2f4d elementor-widget elementor-widget-heading\" data-id=\"d2e2f4d\" data-element_type=\"widget\" data-e-type=\"widget\" data-widget_type=\"heading.default\">\n\t\t\t\t<div class=\"elementor-widget-container\">\n\t\t\t\t\t<h2 class=\"elementor-heading-title elementor-size-default\">S\u00fcrd\u00fcr\u00fclebilir \u00c7abalar\u0131n M\u00fc\u015fterilere \u0130letilmesi<\/h2>\t\t\t\t<\/div>\n\t\t\t\t<\/div>\n\t\t\t\t<div class=\"elementor-element elementor-element-2fb1d91 elementor-widget elementor-widget-text-editor\" data-id=\"2fb1d91\" data-element_type=\"widget\" data-e-type=\"widget\" data-widget_type=\"text-editor.default\">\n\t\t\t\t<div class=\"elementor-widget-container\">\n\t\t\t\t\t\t\t\t\t<p>S\u00fcrd\u00fcr\u00fclebilir \u00e7abalar hakk\u0131nda \u015feffaf ileti\u015fim son derece \u00f6nemlidir. Bu b\u00f6l\u00fcm, s\u00fcrd\u00fcr\u00fclebilir giri\u015fimleri m\u00fc\u015fterilere etkili bir \u015fekilde iletmek i\u00e7in rehberlik sunar. Men\u00fc se\u00e7eneklerini vurgulamadan, ekolojik dostu uygulamalar\u0131 sergilemeye kadar, m\u00fc\u015fterilere bu \u00e7abalar hakk\u0131nda bilgi vermek, sadece de\u011ferlerine uygun olmakla kalmaz, ayn\u0131 zamanda \u00e7evre \u00fczerinde birlikte sorumluluk duygusu geli\u015ftirir.<\/p>\t\t\t\t\t\t\t\t<\/div>\n\t\t\t\t<\/div>\n\t\t\t\t<div class=\"elementor-element elementor-element-b03100c elementor-widget elementor-widget-text-editor\" data-id=\"b03100c\" data-element_type=\"widget\" data-e-type=\"widget\" data-widget_type=\"text-editor.default\">\n\t\t\t\t<div class=\"elementor-widget-container\">\n\t\t\t\t\t\t\t\t\t<p>Catering end\u00fcstrisinin s\u00fcrekli evrimle\u015fen peyzaj\u0131nda s\u00fcrd\u00fcr\u00fclebilirli\u011fi benimsemek sadece bir trend de\u011fil; bir sorumluluktur. Caterer'lar, etkinlik planlay\u0131c\u0131lar\u0131 ve m\u00fc\u015fteriler bilin\u00e7li se\u00e7imler yaparken, \u00e7evre \u00fczerindeki etki \u00f6nemli olabilir. S\u00fcrd\u00fcr\u00fclebilir kaynak kullan\u0131m\u0131, at\u0131k azaltma ve ekolojik dostu uygulamalarla karbon ayak izini azaltarak, catering end\u00fcstrisi daha sa\u011fl\u0131kl\u0131 bir gezegenin olu\u015fturulmas\u0131nda kilit bir rol oynayabilir. Sonu\u00e7 olarak, cateringde yap\u0131lan her s\u00fcrd\u00fcr\u00fclebilir se\u00e7im, daha ye\u015fil, daha \u00e7evre dostu bir gelece\u011fe do\u011fru at\u0131lm\u0131\u015f bir ad\u0131md\u0131r.<\/p>\t\t\t\t\t\t\t\t<\/div>\n\t\t\t\t<\/div>\n\t\t\t\t\t<\/div>\n\t\t\t\t<\/div>\n\t\t\t\t<\/div>","protected":false},"excerpt":{"rendered":"<p>SUSTAINABLE CATERING: REDUCING YOUR CARBON FOODPRINT In an era where environmental consciousness is paramount, sustainable catering has emerged as a conscientious choice for those seeking to reduce their carbon foodprint. This article explores the impact of catering on the environment and introduces practices that caterers can adopt to make a positive contribution to sustainability. The [&hellip;]<\/p>\n","protected":false},"author":1,"featured_media":0,"parent":0,"menu_order":0,"comment_status":"closed","ping_status":"closed","template":"","meta":{"footnotes":""},"class_list":["post-774","page","type-page","status-publish","hentry"],"aioseo_notices":[],"_links":{"self":[{"href":"https:\/\/cordonblue.com.tr\/tr\/wp-json\/wp\/v2\/pages\/774","targetHints":{"allow":["GET"]}}],"collection":[{"href":"https:\/\/cordonblue.com.tr\/tr\/wp-json\/wp\/v2\/pages"}],"about":[{"href":"https:\/\/cordonblue.com.tr\/tr\/wp-json\/wp\/v2\/types\/page"}],"author":[{"embeddable":true,"href":"https:\/\/cordonblue.com.tr\/tr\/wp-json\/wp\/v2\/users\/1"}],"replies":[{"embeddable":true,"href":"https:\/\/cordonblue.com.tr\/tr\/wp-json\/wp\/v2\/comments?post=774"}],"version-history":[{"count":6,"href":"https:\/\/cordonblue.com.tr\/tr\/wp-json\/wp\/v2\/pages\/774\/revisions"}],"predecessor-version":[{"id":1661,"href":"https:\/\/cordonblue.com.tr\/tr\/wp-json\/wp\/v2\/pages\/774\/revisions\/1661"}],"wp:attachment":[{"href":"https:\/\/cordonblue.com.tr\/tr\/wp-json\/wp\/v2\/media?parent=774"}],"curies":[{"name":"wp","href":"https:\/\/api.w.org\/{rel}","templated":true}]}}