{"id":789,"date":"2023-12-14T21:31:41","date_gmt":"2023-12-14T18:31:41","guid":{"rendered":"https:\/\/cordonblue.com.tr\/surdurulebilir-catering-copy\/"},"modified":"2023-12-23T13:34:02","modified_gmt":"2023-12-23T10:34:02","slug":"mediterranean-diet","status":"publish","type":"page","link":"https:\/\/cordonblue.com.tr\/tr\/mediterranean-diet\/","title":{"rendered":"MEDITERRANEAN DIET"},"content":{"rendered":"<div data-elementor-type=\"wp-page\" data-elementor-id=\"789\" class=\"elementor elementor-789\">\n\t\t\t\t<div class=\"elementor-element elementor-element-ca4ff16 e-flex e-con-boxed e-con e-parent\" data-id=\"ca4ff16\" data-element_type=\"container\" data-e-type=\"container\">\n\t\t\t\t\t<div class=\"e-con-inner\">\n\t\t\t\t<div class=\"elementor-element elementor-element-503cf73 elementor-widget elementor-widget-image\" data-id=\"503cf73\" data-element_type=\"widget\" data-e-type=\"widget\" data-widget_type=\"image.default\">\n\t\t\t\t<div class=\"elementor-widget-container\">\n\t\t\t\t\t\t\t\t\t\t\t\t\t\t\t<img decoding=\"async\" src=\"https:\/\/cordonblue.com.tr\/wp-content\/uploads\/elementor\/thumbs\/akdeniz-dieti-qgt8kvpkodu0yh3tlyjjjthnhf6r20u6nb2l2vsvzc.jpg\" title=\"akdeniz-dieti\" alt=\"mevsim sebzeleri ile akdeniz diyetine uygun bir salata taba\u011f\u0131\" loading=\"lazy\" \/>\t\t\t\t\t\t\t\t\t\t\t\t\t\t\t<\/div>\n\t\t\t\t<\/div>\n\t\t\t\t\t<\/div>\n\t\t\t\t<\/div>\n\t\t<div class=\"elementor-element elementor-element-eb7afd8 e-flex e-con-boxed e-con e-parent\" data-id=\"eb7afd8\" data-element_type=\"container\" data-e-type=\"container\">\n\t\t\t\t\t<div class=\"e-con-inner\">\n\t\t\t\t<div class=\"elementor-element elementor-element-76ef682 elementor-widget elementor-widget-heading\" data-id=\"76ef682\" data-element_type=\"widget\" data-e-type=\"widget\" data-widget_type=\"heading.default\">\n\t\t\t\t<div class=\"elementor-widget-container\">\n\t\t\t\t\t<h1 class=\"elementor-heading-title elementor-size-default\">AKDEN\u0130Z D\u0130YET\u0130: SA\u011eLI\u011eA YAPILAN B\u0130R MUTFAK YOLCULU\u011eU<\/h1>\t\t\t\t<\/div>\n\t\t\t\t<\/div>\n\t\t\t\t<div class=\"elementor-element elementor-element-dd4b684 elementor-widget elementor-widget-text-editor\" data-id=\"dd4b684\" data-element_type=\"widget\" data-e-type=\"widget\" data-widget_type=\"text-editor.default\">\n\t\t\t\t<div class=\"elementor-widget-container\">\n\t\t\t\t\t\t\t\t\tAkdeniz Diyeti ile lezzetli tatlar ve say\u0131s\u0131z sa\u011fl\u0131k faydalar\u0131yla dolu bir mutfak yolculu\u011funa \u00e7\u0131k\u0131n. Akdeniz Denizi \u00e7evresindeki \u00fclkelerden gelen bu ya\u015fam tarz\u0131, sadece ne yedi\u011finizle ilgili de\u011fil; taze, sa\u011fl\u0131kl\u0131 malzemeleri ve bilin\u00e7li yeme uygulamalar\u0131n\u0131 \u00f6ncelikli k\u0131lan bir ya\u015fam tarz\u0131d\u0131r.\t\t\t\t\t\t\t\t<\/div>\n\t\t\t\t<\/div>\n\t\t\t\t<div class=\"elementor-element elementor-element-be69ac6 elementor-widget elementor-widget-heading\" data-id=\"be69ac6\" data-element_type=\"widget\" data-e-type=\"widget\" data-widget_type=\"heading.default\">\n\t\t\t\t<div class=\"elementor-widget-container\">\n\t\t\t\t\t<h2 class=\"elementor-heading-title elementor-size-default\">Akdeniz Diyeti Prensipleri<\/h2>\t\t\t\t<\/div>\n\t\t\t\t<\/div>\n\t\t\t\t<div class=\"elementor-element elementor-element-d23733d elementor-widget elementor-widget-text-editor\" data-id=\"d23733d\" data-element_type=\"widget\" data-e-type=\"widget\" data-widget_type=\"text-editor.default\">\n\t\t\t\t<div class=\"elementor-widget-container\">\n\t\t\t\t\t\t\t\t\tAkdeniz Diyeti'nin merkezinde, beslenmeye dengeli ve s\u00fcrd\u00fcr\u00fclebilir bir yakla\u015f\u0131m\u0131 yans\u0131tan prensipler bulunmaktad\u0131r. Bu b\u00f6l\u00fcm, meyve ve sebzelerin bol t\u00fcketiminden, zeytinya\u011f\u0131n\u0131 temel ya\u011f kayna\u011f\u0131 olarak kullanmaktan, bal\u0131k ve tavu\u011fun \u0131l\u0131ml\u0131 al\u0131m\u0131na ve tam tah\u0131llar ile baklagillerin tad\u0131n\u0131 \u00e7\u0131karmaktan olu\u015fan temel unsurlar\u0131 ke\u015ffeder. Akdeniz Diyeti, toplulu\u011fa vurgu yapar, sevdikleriyle yemekleri payla\u015fmay\u0131 ve bir tabaktan \u00f6te bir ya\u015fam tarz\u0131n\u0131 benimsemeyi i\u00e7erir.\t\t\t\t\t\t\t\t<\/div>\n\t\t\t\t<\/div>\n\t\t\t\t<div class=\"elementor-element elementor-element-33969f5 elementor-widget elementor-widget-heading\" data-id=\"33969f5\" data-element_type=\"widget\" data-e-type=\"widget\" data-widget_type=\"heading.default\">\n\t\t\t\t<div class=\"elementor-widget-container\">\n\t\t\t\t\t<h2 class=\"elementor-heading-title elementor-size-default\">Akdeniz Tarz\u0131 Diyetin Sa\u011fl\u0131k Faydalar\u0131<\/h2>\t\t\t\t<\/div>\n\t\t\t\t<\/div>\n\t\t\t\t<div class=\"elementor-element elementor-element-3a3c90b elementor-widget elementor-widget-text-editor\" data-id=\"3a3c90b\" data-element_type=\"widget\" data-e-type=\"widget\" data-widget_type=\"text-editor.default\">\n\t\t\t\t<div class=\"elementor-widget-container\">\n\t\t\t\t\t\t\t\t\tAkdeniz Diyeti, sa\u011fl\u0131k \u00fczerindeki olumlu etkileriyle tan\u0131nmaktad\u0131r. Kalp sa\u011fl\u0131\u011f\u0131ndan kilo y\u00f6netimine kadar, bu b\u00f6l\u00fcm, Akdeniz tarz\u0131 diyeti benimsemenin ili\u015fkilendirildi\u011fi \u00e7e\u015fitli faydalar\u0131 ele al\u0131r. Antioksidanlar, omega-3 ya\u011f asitleri ve temel besin maddeleri bak\u0131m\u0131ndan zengin olan bu mutfak yakla\u015f\u0131m\u0131, kronik hastal\u0131k risklerini azaltma ve genel refah\u0131 art\u0131rma ile ba\u011flant\u0131l\u0131d\u0131r.\t\t\t\t\t\t\t\t<\/div>\n\t\t\t\t<\/div>\n\t\t\t\t<div class=\"elementor-element elementor-element-5158166 elementor-widget elementor-widget-heading\" data-id=\"5158166\" data-element_type=\"widget\" data-e-type=\"widget\" data-widget_type=\"heading.default\">\n\t\t\t\t<div class=\"elementor-widget-container\">\n\t\t\t\t\t<h2 class=\"elementor-heading-title elementor-size-default\">Akdeniz Mutfa\u011f\u0131: Bir Gastronomi \u015e\u00f6leni<\/h2>\t\t\t\t<\/div>\n\t\t\t\t<\/div>\n\t\t\t\t<div class=\"elementor-element elementor-element-346caef elementor-widget elementor-widget-text-editor\" data-id=\"346caef\" data-element_type=\"widget\" data-e-type=\"widget\" data-widget_type=\"text-editor.default\">\n\t\t\t\t<div class=\"elementor-widget-container\">\n\t\t\t\t\t\t\t\t\t<p>Akdeniz mutfa\u011f\u0131, canl\u0131 lezzetler ve \u00e7e\u015fitli dokularla damaklar\u0131 \u015fenlendiren bir gastronomi \u015f\u00f6lenidir. Bu b\u00f6l\u00fcm, Akdeniz yemeklerinin zenginli\u011fini, ikonik Yunan salatas\u0131ndan \u0130talyan bruschetta'ya ve \u0130spanyol paella'ya kadar ke\u015ffeder. Taze \u00fcr\u00fcnler, otlar ve baharatlara vurgu yap\u0131lmas\u0131, Akdeniz mutfa\u011f\u0131n\u0131n \u00e7ekicili\u011fini tan\u0131mlayan tatlar \u015f\u00f6lenini olu\u015fturur.<\/p>\t\t\t\t\t\t\t\t<\/div>\n\t\t\t\t<\/div>\n\t\t\t\t<div class=\"elementor-element elementor-element-a275201 elementor-widget elementor-widget-heading\" data-id=\"a275201\" data-element_type=\"widget\" data-e-type=\"widget\" data-widget_type=\"heading.default\">\n\t\t\t\t<div class=\"elementor-widget-container\">\n\t\t\t\t\t<h2 class=\"elementor-heading-title elementor-size-default\">Akdeniz Lezzetlerini Catering Men\u00fclerine Entegre Etme<\/h2>\t\t\t\t<\/div>\n\t\t\t\t<\/div>\n\t\t\t\t<div class=\"elementor-element elementor-element-8c3ef88 elementor-widget elementor-widget-text-editor\" data-id=\"8c3ef88\" data-element_type=\"widget\" data-e-type=\"widget\" data-widget_type=\"text-editor.default\">\n\t\t\t\t<div class=\"elementor-widget-container\">\n\t\t\t\t\t\t\t\t\t<p>Catering profesyonelleri i\u00e7in Akdeniz Diyeti'nin esans\u0131n\u0131 men\u00fclere entegre etmek, yarat\u0131c\u0131 ve sa\u011fl\u0131kl\u0131 bir \u00e7aba gerektirir. Bu b\u00f6l\u00fcm, catering men\u00fclerine Akdeniz lezzetlerini entegre etme konusunda i\u00e7g\u00f6r\u00fcler sunar, m\u00fc\u015fterilere Akdeniz'in mutfak b\u00fcy\u00fcs\u00fcn\u00fc tatma f\u0131rsat\u0131 sunar. Limon ve otlarla marine edilmi\u015f \u0131zgara bal\u0131ktan renkli salatalara kadar, Akdeniz dokunu\u015flu cateringin yemek deneyimini nas\u0131l y\u00fckseltebilece\u011fini ke\u015ffedin.<\/p>\t\t\t\t\t\t\t\t<\/div>\n\t\t\t\t<\/div>\n\t\t\t\t<div class=\"elementor-element elementor-element-d2e2f4d elementor-widget elementor-widget-heading\" data-id=\"d2e2f4d\" data-element_type=\"widget\" data-e-type=\"widget\" data-widget_type=\"heading.default\">\n\t\t\t\t<div class=\"elementor-widget-container\">\n\t\t\t\t\t<h2 class=\"elementor-heading-title elementor-size-default\">Akdeniz Twist'i ile Catering Ba\u015far\u0131 Hikayeleri<\/h2>\t\t\t\t<\/div>\n\t\t\t\t<\/div>\n\t\t\t\t<div class=\"elementor-element elementor-element-2fb1d91 elementor-widget elementor-widget-text-editor\" data-id=\"2fb1d91\" data-element_type=\"widget\" data-e-type=\"widget\" data-widget_type=\"text-editor.default\">\n\t\t\t\t<div class=\"elementor-widget-container\">\n\t\t\t\t\t\t\t\t\t<p>Akdeniz Twist'i ile yap\u0131lan catering ba\u015far\u0131 hikayelerini kutlamak, bu mutfak yakla\u015f\u0131m\u0131n\u0131n geni\u015f \u00e7ekim g\u00fcc\u00fcn\u00fc sergiler. D\u00fc\u011f\u00fcnlerden kurumsal etkinliklere ve \u00f6zel partilere catering yaparken, bu b\u00f6l\u00fcm, Akdeniz Diyeti'nin m\u00fc\u015fteri ve misafirler \u00fczerinde kal\u0131c\u0131 bir izlenim b\u0131rakt\u0131\u011f\u0131 durumlar\u0131 vurgular. Ba\u015far\u0131 hikayeleri, sadece mutfa\u011f\u0131n lezzetlili\u011fini de\u011fil, ayn\u0131 zamanda etkinlik deneyimlerine olan olumlu etkisini de g\u00f6sterir.<\/p>\t\t\t\t\t\t\t\t<\/div>\n\t\t\t\t<\/div>\n\t\t\t\t<div class=\"elementor-element elementor-element-b03100c elementor-widget elementor-widget-text-editor\" data-id=\"b03100c\" data-element_type=\"widget\" data-e-type=\"widget\" data-widget_type=\"text-editor.default\">\n\t\t\t\t<div class=\"elementor-widget-container\">\n\t\t\t\t\t\t\t\t\t<p>Akdeniz Diyeti ile mutfak yolculu\u011fumuzu tamamlad\u0131\u011f\u0131m\u0131zda, bu yakla\u015f\u0131m\u0131n sadece bir trend de\u011fil, ayn\u0131 zamanda sa\u011fl\u0131k ve lezzetin zamanla s\u00fcregelen bir kutlamas\u0131 oldu\u011fu ortaya \u00e7\u0131k\u0131yor. Akdeniz Diyeti'nin prensiplerini benimsemek, sadece yeme \u015feklimizi de\u011fil, ayn\u0131 zamanda hayat\u0131 nas\u0131l tadaca\u011f\u0131m\u0131z\u0131 da d\u00f6n\u00fc\u015ft\u00fcrebilir. Yemek merakl\u0131s\u0131, catering profesyoneli veya daha sa\u011fl\u0131kl\u0131 bir ya\u015fam tarz\u0131 aray\u0131\u015f\u0131nda olan biri olun, Akdeniz Diyeti, mutfak cazibesi ve lezzet vadeden bir sa\u011fl\u0131k yolculu\u011fu vaat ediyor.<\/p>\t\t\t\t\t\t\t\t<\/div>\n\t\t\t\t<\/div>\n\t\t\t\t\t<\/div>\n\t\t\t\t<\/div>\n\t\t\t\t<\/div>","protected":false},"excerpt":{"rendered":"<p>THE MEDITERRANEAN DIET: A CULINARY JOURNEY TO HEALTH Embark on a culinary journey to health with the Mediterranean Diet, a lifestyle celebrated for its delicious flavors and numerous health benefits. Originating from the countries surrounding the Mediterranean Sea, this diet is not just about what you eat; it&#8217;s a way of life that prioritizes fresh, [&hellip;]<\/p>\n","protected":false},"author":1,"featured_media":0,"parent":0,"menu_order":0,"comment_status":"closed","ping_status":"closed","template":"","meta":{"footnotes":""},"class_list":["post-789","page","type-page","status-publish","hentry"],"aioseo_notices":[],"_links":{"self":[{"href":"https:\/\/cordonblue.com.tr\/tr\/wp-json\/wp\/v2\/pages\/789","targetHints":{"allow":["GET"]}}],"collection":[{"href":"https:\/\/cordonblue.com.tr\/tr\/wp-json\/wp\/v2\/pages"}],"about":[{"href":"https:\/\/cordonblue.com.tr\/tr\/wp-json\/wp\/v2\/types\/page"}],"author":[{"embeddable":true,"href":"https:\/\/cordonblue.com.tr\/tr\/wp-json\/wp\/v2\/users\/1"}],"replies":[{"embeddable":true,"href":"https:\/\/cordonblue.com.tr\/tr\/wp-json\/wp\/v2\/comments?post=789"}],"version-history":[{"count":6,"href":"https:\/\/cordonblue.com.tr\/tr\/wp-json\/wp\/v2\/pages\/789\/revisions"}],"predecessor-version":[{"id":1624,"href":"https:\/\/cordonblue.com.tr\/tr\/wp-json\/wp\/v2\/pages\/789\/revisions\/1624"}],"wp:attachment":[{"href":"https:\/\/cordonblue.com.tr\/tr\/wp-json\/wp\/v2\/media?parent=789"}],"curies":[{"name":"wp","href":"https:\/\/api.w.org\/{rel}","templated":true}]}}