{"id":814,"date":"2023-12-14T22:05:45","date_gmt":"2023-12-14T19:05:45","guid":{"rendered":"https:\/\/cordonblue.com.tr\/besin-degeri-yuksek-yiyeceklerin-gucu-copy\/"},"modified":"2023-12-23T14:40:14","modified_gmt":"2023-12-23T11:40:14","slug":"trending-nutrition","status":"publish","type":"page","link":"https:\/\/cordonblue.com.tr\/tr\/trending-nutrition\/","title":{"rendered":"TRENDING NUTRITION"},"content":{"rendered":"<div data-elementor-type=\"wp-page\" data-elementor-id=\"814\" class=\"elementor elementor-814\">\n\t\t\t\t<div class=\"elementor-element elementor-element-ca4ff16 e-flex e-con-boxed e-con e-parent\" data-id=\"ca4ff16\" data-element_type=\"container\" data-e-type=\"container\">\n\t\t\t\t\t<div class=\"e-con-inner\">\n\t\t\t\t<div class=\"elementor-element elementor-element-503cf73 elementor-widget elementor-widget-image\" data-id=\"503cf73\" data-element_type=\"widget\" data-e-type=\"widget\" data-widget_type=\"image.default\">\n\t\t\t\t<div class=\"elementor-widget-container\">\n\t\t\t\t\t\t\t\t\t\t\t\t\t\t\t<img decoding=\"async\" src=\"https:\/\/cordonblue.com.tr\/wp-content\/uploads\/elementor\/thumbs\/trend-beslenme-qgta4pcik692gs0pn37wmqd5j81i6wgazlup4h16g8.jpg\" title=\"trend-beslenme\" alt=\"cazip beslenme al\u0131\u015fkanl\u0131klar\u0131na sebep olacak tatl\u0131 ve tuzlu at\u0131\u015ft\u0131rmal\u0131klar\" loading=\"lazy\" \/>\t\t\t\t\t\t\t\t\t\t\t\t\t\t\t<\/div>\n\t\t\t\t<\/div>\n\t\t\t\t\t<\/div>\n\t\t\t\t<\/div>\n\t\t<div class=\"elementor-element elementor-element-eb7afd8 e-flex e-con-boxed e-con e-parent\" data-id=\"eb7afd8\" data-element_type=\"container\" data-e-type=\"container\">\n\t\t\t\t\t<div class=\"e-con-inner\">\n\t\t\t\t<div class=\"elementor-element elementor-element-76ef682 elementor-widget elementor-widget-heading\" data-id=\"76ef682\" data-element_type=\"widget\" data-e-type=\"widget\" data-widget_type=\"heading.default\">\n\t\t\t\t<div class=\"elementor-widget-container\">\n\t\t\t\t\t<h1 class=\"elementor-heading-title elementor-size-default\">TREND OLAN BESLENME: EN SON D\u0130YET VE GIDA TRENDLER\u0130N\u0130 KE\u015eFETMEK<\/h1>\t\t\t\t<\/div>\n\t\t\t\t<\/div>\n\t\t\t\t<div class=\"elementor-element elementor-element-dd4b684 elementor-widget elementor-widget-text-editor\" data-id=\"dd4b684\" data-element_type=\"widget\" data-e-type=\"widget\" data-widget_type=\"text-editor.default\">\n\t\t\t\t<div class=\"elementor-widget-container\">\n\t\t\t\t\t\t\t\t\t<p>Beslenme d\u00fcnyas\u0131nda s\u00fcrekli de\u011fi\u015fen trendlerle ayakta kalmak, bir ke\u015fif ve adapte olma yolculu\u011funa d\u00f6n\u00fc\u015fm\u00fc\u015ft\u00fcr. Bu makale, beslenme trendlerinin dinamik peyzaj\u0131na dal\u0131yor ve sa\u011fl\u0131k bilincine sahip bireylerin dikkatini \u00e7eken en son diyet yakla\u015f\u0131mlar\u0131n\u0131 ayd\u0131nlat\u0131yor.<\/p>\t\t\t\t\t\t\t\t<\/div>\n\t\t\t\t<\/div>\n\t\t\t\t<div class=\"elementor-element elementor-element-be69ac6 elementor-widget elementor-widget-heading\" data-id=\"be69ac6\" data-element_type=\"widget\" data-e-type=\"widget\" data-widget_type=\"heading.default\">\n\t\t\t\t<div class=\"elementor-widget-container\">\n\t\t\t\t\t<h2 class=\"elementor-heading-title elementor-size-default\">Beslenme Trendlerinin Dinamik Peyzaj\u0131<\/h2>\t\t\t\t<\/div>\n\t\t\t\t<\/div>\n\t\t\t\t<div class=\"elementor-element elementor-element-d23733d elementor-widget elementor-widget-text-editor\" data-id=\"d23733d\" data-element_type=\"widget\" data-e-type=\"widget\" data-widget_type=\"text-editor.default\">\n\t\t\t\t<div class=\"elementor-widget-container\">\n\t\t\t\t\t\t\t\t\t<p>Beslenme trendleri sabit de\u011fildir; de\u011fi\u015fir, evrimle\u015fir ve genellikle sa\u011fl\u0131k ve esenli\u011fe y\u00f6nelik de\u011fi\u015fen tutumlar\u0131 yans\u0131t\u0131r. Bu b\u00f6l\u00fcm, beslenme trendlerinin dinamik do\u011fas\u0131n\u0131 ke\u015ffeder ve geleneksel normlar\u0131 sorgulayan yenilik\u00e7i diyet yakla\u015f\u0131mlar\u0131n\u0131n s\u00fcrekli ke\u015ffine vurgu yapar.<\/p>\t\t\t\t\t\t\t\t<\/div>\n\t\t\t\t<\/div>\n\t\t\t\t<div class=\"elementor-element elementor-element-33969f5 elementor-widget elementor-widget-heading\" data-id=\"33969f5\" data-element_type=\"widget\" data-e-type=\"widget\" data-widget_type=\"heading.default\">\n\t\t\t\t<div class=\"elementor-widget-container\">\n\t\t\t\t\t<h2 class=\"elementor-heading-title elementor-size-default\">Aral\u0131kl\u0131 Oru\u00e7: Zaman S\u0131n\u0131rl\u0131 Beslenme Yakla\u015f\u0131m\u0131<\/h2>\t\t\t\t<\/div>\n\t\t\t\t<\/div>\n\t\t\t\t<div class=\"elementor-element elementor-element-3a3c90b elementor-widget elementor-widget-text-editor\" data-id=\"3a3c90b\" data-element_type=\"widget\" data-e-type=\"widget\" data-widget_type=\"text-editor.default\">\n\t\t\t\t<div class=\"elementor-widget-container\">\n\t\t\t\t\t\t\t\t\t<p>Aral\u0131kl\u0131 oru\u00e7, \u00f6\u011f\u00fcn zamanlamas\u0131yla ilgili konvansiyonel kavramlara meydan okuyan \u00f6nemli bir trend olarak ortaya \u00e7\u0131kt\u0131. Bu b\u00f6l\u00fcm, aral\u0131kl\u0131 orucun prensiplerine iner, \u00e7e\u015fitli formlar\u0131n\u0131 tart\u0131\u015f\u0131r ve bu zaman s\u0131n\u0131rl\u0131 beslenme yakla\u015f\u0131m\u0131n\u0131n potansiyel sa\u011fl\u0131k faydalar\u0131n\u0131 ke\u015ffeder.<\/p>\t\t\t\t\t\t\t\t<\/div>\n\t\t\t\t<\/div>\n\t\t\t\t<div class=\"elementor-element elementor-element-5158166 elementor-widget elementor-widget-heading\" data-id=\"5158166\" data-element_type=\"widget\" data-e-type=\"widget\" data-widget_type=\"heading.default\">\n\t\t\t\t<div class=\"elementor-widget-container\">\n\t\t\t\t\t<h2 class=\"elementor-heading-title elementor-size-default\">Bitki Temelli Diyetler: Veganizmin \u00d6tesinde<\/h2>\t\t\t\t<\/div>\n\t\t\t\t<\/div>\n\t\t\t\t<div class=\"elementor-element elementor-element-346caef elementor-widget elementor-widget-text-editor\" data-id=\"346caef\" data-element_type=\"widget\" data-e-type=\"widget\" data-widget_type=\"text-editor.default\">\n\t\t\t\t<div class=\"elementor-widget-container\">\n\t\t\t\t\t\t\t\t\t<p>Bitki temelli diyetler, veganizmin \u00f6tesine ge\u00e7erek bitkisel g\u0131dalara vurgu yapan \u00e7e\u015fitli yakla\u015f\u0131mlar\u0131 kapsar. Fleksitarizmden, pesketaryenli\u011fe kadar, bu b\u00f6l\u00fcm bitki temelli diyetlerin inceliklerini ke\u015ffeder, onlar\u0131n \u00e7ok y\u00f6nl\u00fcl\u00fc\u011f\u00fcn\u00fc vurgular ve bitki odakl\u0131 beslenmenin giderek artan cazibesini g\u00f6sterir.<\/p>\t\t\t\t\t\t\t\t<\/div>\n\t\t\t\t<\/div>\n\t\t\t\t<div class=\"elementor-element elementor-element-a275201 elementor-widget elementor-widget-heading\" data-id=\"a275201\" data-element_type=\"widget\" data-e-type=\"widget\" data-widget_type=\"heading.default\">\n\t\t\t\t<div class=\"elementor-widget-container\">\n\t\t\t\t\t<h2 class=\"elementor-heading-title elementor-size-default\">Ketogenik Diyet: Y\u00fcksek Ya\u011fl\u0131, D\u00fc\u015f\u00fck Karbonhidratl\u0131 Bir Ya\u015fam Tarz\u0131<\/h2>\t\t\t\t<\/div>\n\t\t\t\t<\/div>\n\t\t\t\t<div class=\"elementor-element elementor-element-8c3ef88 elementor-widget elementor-widget-text-editor\" data-id=\"8c3ef88\" data-element_type=\"widget\" data-e-type=\"widget\" data-widget_type=\"text-editor.default\">\n\t\t\t\t<div class=\"elementor-widget-container\">\n\t\t\t\t\t\t\t\t\t<p>Ketojenik diyet, makro besin bile\u015fimi yakla\u015f\u0131m\u0131yla dikkat \u00e7ekti. Bu b\u00f6l\u00fcm, ketojenik diyetin prensiplerini inceler, y\u00fcksek ya\u011fl\u0131, d\u00fc\u015f\u00fck karbonhidratl\u0131 do\u011fas\u0131n\u0131 vurgular ve bu ya\u015fam tarz\u0131n\u0131 benimsemenin potansiyel faydalar\u0131n\u0131 ve zorluklar\u0131n\u0131 ke\u015ffeder.<\/p>\t\t\t\t\t\t\t\t<\/div>\n\t\t\t\t<\/div>\n\t\t\t\t<div class=\"elementor-element elementor-element-d2e2f4d elementor-widget elementor-widget-heading\" data-id=\"d2e2f4d\" data-element_type=\"widget\" data-e-type=\"widget\" data-widget_type=\"heading.default\">\n\t\t\t\t<div class=\"elementor-widget-container\">\n\t\t\t\t\t<h2 class=\"elementor-heading-title elementor-size-default\">Trend Diyetleri Catering Men\u00fclerine Entegre Etme<\/h2>\t\t\t\t<\/div>\n\t\t\t\t<\/div>\n\t\t\t\t<div class=\"elementor-element elementor-element-2fb1d91 elementor-widget elementor-widget-text-editor\" data-id=\"2fb1d91\" data-element_type=\"widget\" data-e-type=\"widget\" data-widget_type=\"text-editor.default\">\n\t\t\t\t<div class=\"elementor-widget-container\">\n\t\t\t\t\t\t\t\t\t<p>Catering, mutfak inovasyonunun bir yans\u0131mas\u0131 olarak beslenme peyzaj\u0131ndaki de\u011fi\u015fime adapte olur. Bu b\u00f6l\u00fcm, trending diyetlerin catering men\u00fclerine entegrasyonunu tart\u0131\u015f\u0131r, catering profesyonellerinin bu trendleri yarat\u0131c\u0131 bir \u015fekilde benimseyerek sa\u011fl\u0131k bilincine sahip m\u00fc\u015fterilere uygun se\u00e7enekler sunabilece\u011fini g\u00f6sterir.<\/p>\t\t\t\t\t\t\t\t<\/div>\n\t\t\t\t<\/div>\n\t\t\t\t<div class=\"elementor-element elementor-element-648c6b5 elementor-widget elementor-widget-heading\" data-id=\"648c6b5\" data-element_type=\"widget\" data-e-type=\"widget\" data-widget_type=\"heading.default\">\n\t\t\t\t<div class=\"elementor-widget-container\">\n\t\t\t\t\t<h2 class=\"elementor-heading-title elementor-size-default\">M\u00fc\u015fteri Memnuniyeti \u0130\u00e7in Beslenme Trendlerini Y\u00f6nlendirmek<\/h2>\t\t\t\t<\/div>\n\t\t\t\t<\/div>\n\t\t\t\t<div class=\"elementor-element elementor-element-1a84368 elementor-widget elementor-widget-text-editor\" data-id=\"1a84368\" data-element_type=\"widget\" data-e-type=\"widget\" data-widget_type=\"text-editor.default\">\n\t\t\t\t<div class=\"elementor-widget-container\">\n\t\t\t\t\t\t\t\t\t<p>Beslenme trendlerini etkili bir \u015fekilde y\u00f6nlendirmek, m\u00fc\u015fteri memnuniyeti i\u00e7in kritiktir. Bu b\u00f6l\u00fcm, m\u00fc\u015fterilerin \u00e7e\u015fitli beslenme tercihlerini anlama ve kar\u015f\u0131lama stratejilerini ke\u015ffeder, catering hizmetlerinin lezzet ve kaliteyi \u00f6d\u00fcn vermeden en son beslenme trendleriyle uyumlu olmas\u0131n\u0131 sa\u011flar.<\/p>\t\t\t\t\t\t\t\t<\/div>\n\t\t\t\t<\/div>\n\t\t\t\t<div class=\"elementor-element elementor-element-b03100c elementor-widget elementor-widget-text-editor\" data-id=\"b03100c\" data-element_type=\"widget\" data-e-type=\"widget\" data-widget_type=\"text-editor.default\">\n\t\t\t\t<div class=\"elementor-widget-container\">\n\t\t\t\t\t\t\t\t\t<p>Trending beslenme ak\u0131nt\u0131lar\u0131n\u0131 y\u00f6nlendirirken, peyzaj\u0131n \u00e7e\u015fitli ve s\u00fcrekli de\u011fi\u015fen oldu\u011fu a\u00e7\u0131kt\u0131r. Aral\u0131kl\u0131 oru\u00e7tan bitki temelli diyetlere ve ketojenik ya\u015fam tarz\u0131na kadar her trend, beslenme konusunda benzersiz bir bak\u0131\u015f a\u00e7\u0131s\u0131 sunar. Catering, dinamik bir end\u00fcstri olarak bu trendlere uyum sa\u011flama f\u0131rsat\u0131na sahiptir, m\u00fc\u015fterilere yenilik\u00e7i ve sa\u011fl\u0131k bilincine uygun mutfak deneyimleri sunabilir. Sonu\u00e7 olarak, trending diyetleri ke\u015ffetmek, sadece cateringde sunulanlar\u0131 geli\u015ftirmekle kalmaz, ayn\u0131 zamanda zaman\u0131n ruhuyla evrimle\u015fme ve bug\u00fcn\u00fcn se\u00e7kin m\u00fc\u015fterilerinin beslenme taleplerini kar\u015f\u0131lama taahh\u00fcd\u00fcn\u00fc yans\u0131t\u0131r.<\/p>\t\t\t\t\t\t\t\t<\/div>\n\t\t\t\t<\/div>\n\t\t\t\t\t<\/div>\n\t\t\t\t<\/div>\n\t\t\t\t<\/div>","protected":false},"excerpt":{"rendered":"<p>TRENDING NUTRITION: EXPLORING THE LATEST DIET AND FOOD TRENDS In the ever-evolving world of nutrition, staying abreast of the latest diet and food trends has become a journey of exploration and adaptation. This article delves into the dynamic landscape of nutrition trends, shedding light on the most recent dietary approaches that have captured the attention [&hellip;]<\/p>\n","protected":false},"author":1,"featured_media":0,"parent":0,"menu_order":0,"comment_status":"closed","ping_status":"closed","template":"","meta":{"footnotes":""},"class_list":["post-814","page","type-page","status-publish","hentry"],"aioseo_notices":[],"_links":{"self":[{"href":"https:\/\/cordonblue.com.tr\/tr\/wp-json\/wp\/v2\/pages\/814","targetHints":{"allow":["GET"]}}],"collection":[{"href":"https:\/\/cordonblue.com.tr\/tr\/wp-json\/wp\/v2\/pages"}],"about":[{"href":"https:\/\/cordonblue.com.tr\/tr\/wp-json\/wp\/v2\/types\/page"}],"author":[{"embeddable":true,"href":"https:\/\/cordonblue.com.tr\/tr\/wp-json\/wp\/v2\/users\/1"}],"replies":[{"embeddable":true,"href":"https:\/\/cordonblue.com.tr\/tr\/wp-json\/wp\/v2\/comments?post=814"}],"version-history":[{"count":4,"href":"https:\/\/cordonblue.com.tr\/tr\/wp-json\/wp\/v2\/pages\/814\/revisions"}],"predecessor-version":[{"id":1696,"href":"https:\/\/cordonblue.com.tr\/tr\/wp-json\/wp\/v2\/pages\/814\/revisions\/1696"}],"wp:attachment":[{"href":"https:\/\/cordonblue.com.tr\/tr\/wp-json\/wp\/v2\/media?parent=814"}],"curies":[{"name":"wp","href":"https:\/\/api.w.org\/{rel}","templated":true}]}}