{"id":826,"date":"2023-12-14T22:33:08","date_gmt":"2023-12-14T19:33:08","guid":{"rendered":"https:\/\/cordonblue.com.tr\/gastronomik-ustaligi-ortaya-koymak-copy\/"},"modified":"2023-12-23T15:02:17","modified_gmt":"2023-12-23T12:02:17","slug":"vegan-delights","status":"publish","type":"page","link":"https:\/\/cordonblue.com.tr\/tr\/vegan-delights\/","title":{"rendered":"VEGAN LEZZETLER"},"content":{"rendered":"<div data-elementor-type=\"wp-page\" data-elementor-id=\"826\" class=\"elementor elementor-826\">\n\t\t\t\t<div class=\"elementor-element elementor-element-ca4ff16 e-flex e-con-boxed e-con e-parent\" data-id=\"ca4ff16\" data-element_type=\"container\" data-e-type=\"container\">\n\t\t\t\t\t<div class=\"e-con-inner\">\n\t\t\t\t<div class=\"elementor-element elementor-element-503cf73 elementor-widget elementor-widget-image\" data-id=\"503cf73\" data-element_type=\"widget\" data-e-type=\"widget\" data-widget_type=\"image.default\">\n\t\t\t\t<div class=\"elementor-widget-container\">\n\t\t\t\t\t\t\t\t\t\t\t\t\t\t\t<img decoding=\"async\" src=\"https:\/\/cordonblue.com.tr\/wp-content\/uploads\/elementor\/thumbs\/vegan-lezzetler-qgtbybgxmu2mwuplhy9d6oaicimwi9xrod9w4tqu3s.jpg\" title=\"vegan-lezzetler\" alt=\"et ve s\u00fct \u00fcr\u00fcnleri t\u00fcketmeyenler i\u00e7in lezzetli bir vegan salata taba\u011f\u0131\" loading=\"lazy\" \/>\t\t\t\t\t\t\t\t\t\t\t\t\t\t\t<\/div>\n\t\t\t\t<\/div>\n\t\t\t\t\t<\/div>\n\t\t\t\t<\/div>\n\t\t<div class=\"elementor-element elementor-element-eb7afd8 e-flex e-con-boxed e-con e-parent\" data-id=\"eb7afd8\" data-element_type=\"container\" data-e-type=\"container\">\n\t\t\t\t\t<div class=\"e-con-inner\">\n\t\t\t\t<div class=\"elementor-element elementor-element-76ef682 elementor-widget elementor-widget-heading\" data-id=\"76ef682\" data-element_type=\"widget\" data-e-type=\"widget\" data-widget_type=\"heading.default\">\n\t\t\t\t<div class=\"elementor-widget-container\">\n\t\t\t\t\t<h1 class=\"elementor-heading-title elementor-size-default\">VEGAN LEZZETLER: B\u0130TK\u0130SEL TABANLI CATER\u0130NG'\u0130 Y\u00dcKSELTMEK<\/h1>\t\t\t\t<\/div>\n\t\t\t\t<\/div>\n\t\t\t\t<div class=\"elementor-element elementor-element-dd4b684 elementor-widget elementor-widget-text-editor\" data-id=\"dd4b684\" data-element_type=\"widget\" data-e-type=\"widget\" data-widget_type=\"text-editor.default\">\n\t\t\t\t<div class=\"elementor-widget-container\">\n\t\t\t\t\t\t\t\t\t<p>Kuliner deneyimlerin evrildi\u011fi bir d\u00fcnyada veganizm, catering d\u00fcnyas\u0131nda g\u00fc\u00e7l\u00fc ve lezzetli bir trend olarak ortaya \u00e7\u0131kt\u0131. S\u0131n\u0131rlama olmaktan uzak, bitkisel tabanl\u0131 catering unutulmaz yemek deneyimleri yaratma konusunda \u00e7e\u015fitli ve yenilik\u00e7i bir yakla\u015f\u0131m sunuyor. Bu makale, veganizmin catering d\u00fcnyas\u0131ndaki y\u00fckseli\u015fini, etkinlikler i\u00e7in yarat\u0131c\u0131 bitkisel tabanl\u0131 yemekleri, vegan mutfa\u011f\u0131yla ilgili yayg\u0131n yan\u0131lg\u0131lar\u0131 \u00e7\u00fcr\u00fctmeyi, ba\u015far\u0131 \u00f6yk\u00fclerini kutlamay\u0131 ve bitkisel tabanl\u0131 cateringin olumlu \u00e7evresel etkilerini incelemektedir.<\/p>\t\t\t\t\t\t\t\t<\/div>\n\t\t\t\t<\/div>\n\t\t\t\t<div class=\"elementor-element elementor-element-be69ac6 elementor-widget elementor-widget-heading\" data-id=\"be69ac6\" data-element_type=\"widget\" data-e-type=\"widget\" data-widget_type=\"heading.default\">\n\t\t\t\t<div class=\"elementor-widget-container\">\n\t\t\t\t\t<h2 class=\"elementor-heading-title elementor-size-default\">Veganizmin Catering D\u00fcnyas\u0131ndaki Y\u00fckseli\u015fi<\/h2>\t\t\t\t<\/div>\n\t\t\t\t<\/div>\n\t\t\t\t<div class=\"elementor-element elementor-element-d23733d elementor-widget elementor-widget-text-editor\" data-id=\"d23733d\" data-element_type=\"widget\" data-e-type=\"widget\" data-widget_type=\"text-editor.default\">\n\t\t\t\t<div class=\"elementor-widget-container\">\n\t\t\t\t\t\t\t\t\t<p>Veganizmin y\u00fckselmesi, catering manzaras\u0131n\u0131 yeniden \u015fekillendiriyor, giderek artan say\u0131da insan bitkisel ya\u015fam tarz\u0131n\u0131 benimsemeye ba\u015fl\u0131yor. Catering hizmetleri, yarat\u0131c\u0131 ve lezzetli vegan se\u00e7eneklere olan talebi fark ederek bu de\u011fi\u015fime uyum sa\u011fl\u0131yor. Kurumsal etkinliklerden d\u00fc\u011f\u00fcnlere, bitkisel tabanl\u0131 catering art\u0131k bir ni\u015f de\u011fil, de\u011fi\u015fen t\u00fcketici tercihlerini ve bitki odakl\u0131 bir diyetin faydalar\u0131na duyulan artan bir fark\u0131ndal\u0131\u011f\u0131 yans\u0131tan yayg\u0131n bir tercih haline geldi.<\/p>\t\t\t\t\t\t\t\t<\/div>\n\t\t\t\t<\/div>\n\t\t\t\t<div class=\"elementor-element elementor-element-33969f5 elementor-widget elementor-widget-heading\" data-id=\"33969f5\" data-element_type=\"widget\" data-e-type=\"widget\" data-widget_type=\"heading.default\">\n\t\t\t\t<div class=\"elementor-widget-container\">\n\t\t\t\t\t<h2 class=\"elementor-heading-title elementor-size-default\">Etkinlikler i\u00e7in Yarat\u0131c\u0131 Bitkisel Tabanl\u0131 Yemekler<\/h2>\t\t\t\t<\/div>\n\t\t\t\t<\/div>\n\t\t\t\t<div class=\"elementor-element elementor-element-3a3c90b elementor-widget elementor-widget-text-editor\" data-id=\"3a3c90b\" data-element_type=\"widget\" data-e-type=\"widget\" data-widget_type=\"text-editor.default\">\n\t\t\t\t<div class=\"elementor-widget-container\">\n\t\t\t\t\t\t\t\t\t<p>Bitkisel tabanl\u0131 catering, sadece salata ve bu\u011fulama sebzelerle s\u0131n\u0131rl\u0131 kalmaz, ayn\u0131 zamanda bir dizi yarat\u0131c\u0131 ve lezzetli yemek sergiler. Yetenekli \u015fefler, tofu, tempeh, jackfruit ve \u00e7e\u015fitli canl\u0131 sebzeler gibi malzemeler kullanarak geleneksel se\u00e7eneklere rakip olan men\u00fcler olu\u015fturuyor. Tuzlu ana yemeklerden \u015f\u0131mart\u0131c\u0131 tatl\u0131lara kadar, bitkisel tabanl\u0131 catering, lezzetin s\u0131n\u0131rlar\u0131n\u0131n olmad\u0131\u011f\u0131n\u0131 g\u00f6sterir, veganlar ve vegan olmayanlar i\u00e7in keyifli bir deneyim sunar.<\/p>\t\t\t\t\t\t\t\t<\/div>\n\t\t\t\t<\/div>\n\t\t\t\t<div class=\"elementor-element elementor-element-5158166 elementor-widget elementor-widget-heading\" data-id=\"5158166\" data-element_type=\"widget\" data-e-type=\"widget\" data-widget_type=\"heading.default\">\n\t\t\t\t<div class=\"elementor-widget-container\">\n\t\t\t\t\t<h2 class=\"elementor-heading-title elementor-size-default\">Vegan Mutfakla \u0130lgili Yayg\u0131n Yan\u0131lg\u0131lar\u0131 \u00c7\u00fcr\u00fctmek<\/h2>\t\t\t\t<\/div>\n\t\t\t\t<\/div>\n\t\t\t\t<div class=\"elementor-element elementor-element-346caef elementor-widget elementor-widget-text-editor\" data-id=\"346caef\" data-element_type=\"widget\" data-e-type=\"widget\" data-widget_type=\"text-editor.default\">\n\t\t\t\t<div class=\"elementor-widget-container\">\n\t\t\t\t\t\t\t\t\t<p>Vegan mutfak, tat, \u00e7e\u015fitlilik veya besin de\u011feri eksikli\u011fi gibi yan\u0131lg\u0131lar\u0131n olmad\u0131\u011f\u0131 konusundaki yayg\u0131n yan\u0131lg\u0131lar\u0131 inceleyip \u00e7\u00fcr\u00fctmek i\u00e7in geldi\u011fi noktay\u0131 g\u00f6steriyor. Bu b\u00f6l\u00fcm, vegan yiyeceklerin lezzetinin, besin de\u011ferinin zenginli\u011finin ve bitkisel i\u00e7eriklerin sofraya getirdi\u011fi \u00e7e\u015fitlili\u011fin vurgulanmas\u0131yla, vegan mutfak hakk\u0131ndaki yayg\u0131n yan\u0131lg\u0131lar\u0131 ortadan kald\u0131r\u0131yor. Stereotipleri zorlayarak, bitkisel tabanl\u0131 catering, vegan k\u00fclt\u00fcr\u00fcn\u00fcn \u00e7e\u015fitli ve heyecan verici d\u00fcnyas\u0131 i\u00e7in geni\u015f bir takdiri te\u015fvik eder.<\/p>\t\t\t\t\t\t\t\t<\/div>\n\t\t\t\t<\/div>\n\t\t\t\t<div class=\"elementor-element elementor-element-a275201 elementor-widget elementor-widget-heading\" data-id=\"a275201\" data-element_type=\"widget\" data-e-type=\"widget\" data-widget_type=\"heading.default\">\n\t\t\t\t<div class=\"elementor-widget-container\">\n\t\t\t\t\t<h2 class=\"elementor-heading-title elementor-size-default\">Vegan Catering Ba\u015far\u0131 \u00d6yk\u00fcleri<\/h2>\t\t\t\t<\/div>\n\t\t\t\t<\/div>\n\t\t\t\t<div class=\"elementor-element elementor-element-8c3ef88 elementor-widget elementor-widget-text-editor\" data-id=\"8c3ef88\" data-element_type=\"widget\" data-e-type=\"widget\" data-widget_type=\"text-editor.default\">\n\t\t\t\t<div class=\"elementor-widget-container\">\n\t\t\t\t\t\t\t\t\t<p>Vegan cateringdeki ba\u015far\u0131 \u00f6yk\u00fclerini vurgulamak, hem catering uzmanlar\u0131na hem de m\u00fc\u015fterilere ilham kayna\u011f\u0131 olur. Y\u00fcksek profilli etkinliklerden samimi toplant\u0131lara kadar, bitkisel tabanl\u0131 cateringin zaferlerini sergilemek, geni\u015f \u00e7ekim g\u00fcc\u00fcn\u00fc ve bu se\u00e7ene\u011fe g\u00f6sterilen olumlu tepkiyi g\u00f6sterir. Ba\u015far\u0131 \u00f6yk\u00fcleri, sadece \u015feflerin yarat\u0131c\u0131l\u0131\u011f\u0131n\u0131 kutlamakla kalmaz, ayn\u0131 zamanda etkinliklerinde bitkisel se\u00e7enekleri tercih edenler aras\u0131ndaki artan memnuniyeti de vurgular.<\/p>\t\t\t\t\t\t\t\t<\/div>\n\t\t\t\t<\/div>\n\t\t\t\t<div class=\"elementor-element elementor-element-d2e2f4d elementor-widget elementor-widget-heading\" data-id=\"d2e2f4d\" data-element_type=\"widget\" data-e-type=\"widget\" data-widget_type=\"heading.default\">\n\t\t\t\t<div class=\"elementor-widget-container\">\n\t\t\t\t\t<h2 class=\"elementor-heading-title elementor-size-default\">Bitkisel Tabanl\u0131 Cateringin \u00c7evresel Etkisi<\/h2>\t\t\t\t<\/div>\n\t\t\t\t<\/div>\n\t\t\t\t<div class=\"elementor-element elementor-element-2fb1d91 elementor-widget elementor-widget-text-editor\" data-id=\"2fb1d91\" data-element_type=\"widget\" data-e-type=\"widget\" data-widget_type=\"text-editor.default\">\n\t\t\t\t<div class=\"elementor-widget-container\">\n\t\t\t\t\t\t\t\t\t<p>Mutfak alan\u0131n\u0131n \u00f6tesinde, bitkisel tabanl\u0131 catering s\u00fcrd\u00fcr\u00fclebilirli\u011fi destekler. Bu b\u00f6l\u00fcm, bitkisel men\u00fclerin se\u00e7ilmesinin daha d\u00fc\u015f\u00fck bir karbon ayak izine, azalt\u0131lm\u0131\u015f kaynak t\u00fcketimine ve olumlu bir \u00e7evresel etkiye nas\u0131l katk\u0131da bulundu\u011funu ke\u015ffeder. Su kullan\u0131m\u0131n\u0131 minimize etmekten sera gaz\u0131 emisyonlar\u0131n\u0131 azaltmaya kadar, bitkisel tabanl\u0131 catering, k\u00fcresel \u00e7apta ekolojik bilin\u00e7li se\u00e7imlere uygun bir \u015fekilde hareket etmektedir, bu da sorumlu ve gelecek odakl\u0131 bir catering hizmeti se\u00e7ene\u011fi haline getirir.<\/p>\t\t\t\t\t\t\t\t<\/div>\n\t\t\t\t<\/div>\n\t\t\t\t<div class=\"elementor-element elementor-element-b03100c elementor-widget elementor-widget-text-editor\" data-id=\"b03100c\" data-element_type=\"widget\" data-e-type=\"widget\" data-widget_type=\"text-editor.default\">\n\t\t\t\t<div class=\"elementor-widget-container\">\n\t\t\t\t\t\t\t\t\t<p>De\u011fi\u015fen mutfak tercihleri manzaras\u0131nda, vegan catering canl\u0131 ve ilerici bir tercih olarak \u00f6ne \u00e7\u0131k\u0131yor. Veganizmin catering d\u00fcnyas\u0131ndaki y\u00fckseli\u015fi, sadece diyet k\u0131s\u0131tlamalar\u0131 de\u011fil; ayn\u0131 zamanda mutfaki \u00e7e\u015fitlili\u011finin, etik se\u00e7imlerin ve daha s\u00fcrd\u00fcr\u00fclebilir bir gelece\u011fe olan taahh\u00fcd\u00fcn bir kutlamas\u0131d\u0131r. Bitkisel tabanl\u0131 catering, sadece bir trend de\u011fil, damaklar\u0131 \u015fenlendiren, sa\u011fl\u0131\u011f\u0131 te\u015fvik eden ve daha ye\u015fil bir gezegen i\u00e7in katk\u0131da bulunan bir mutfak devrimidir. Siz veteren bir vegan veya merakl\u0131 bir omnivor olun, catering d\u00fcnyas\u0131ndaki vegan lezzetlerin ke\u015ffi, yemeklerin gelece\u011fini tatman\u0131n bir davetiyedir.<\/p>\t\t\t\t\t\t\t\t<\/div>\n\t\t\t\t<\/div>\n\t\t\t\t\t<\/div>\n\t\t\t\t<\/div>\n\t\t\t\t<\/div>","protected":false},"excerpt":{"rendered":"<p>VEGAN DELIGHTS: ELEVATING PLANT-BASED CATERING In a world where culinary experiences are evolving, veganism has emerged as a powerful and delectable trend in catering. Far from being a limitation, plant-based catering offers a diverse and innovative approach to creating unforgettable dining experiences. This article delves into the rise of veganism in catering, exploring the creativity [&hellip;]<\/p>\n","protected":false},"author":1,"featured_media":0,"parent":0,"menu_order":0,"comment_status":"closed","ping_status":"closed","template":"","meta":{"footnotes":""},"class_list":["post-826","page","type-page","status-publish","hentry"],"aioseo_notices":[],"_links":{"self":[{"href":"https:\/\/cordonblue.com.tr\/tr\/wp-json\/wp\/v2\/pages\/826","targetHints":{"allow":["GET"]}}],"collection":[{"href":"https:\/\/cordonblue.com.tr\/tr\/wp-json\/wp\/v2\/pages"}],"about":[{"href":"https:\/\/cordonblue.com.tr\/tr\/wp-json\/wp\/v2\/types\/page"}],"author":[{"embeddable":true,"href":"https:\/\/cordonblue.com.tr\/tr\/wp-json\/wp\/v2\/users\/1"}],"replies":[{"embeddable":true,"href":"https:\/\/cordonblue.com.tr\/tr\/wp-json\/wp\/v2\/comments?post=826"}],"version-history":[{"count":4,"href":"https:\/\/cordonblue.com.tr\/tr\/wp-json\/wp\/v2\/pages\/826\/revisions"}],"predecessor-version":[{"id":1704,"href":"https:\/\/cordonblue.com.tr\/tr\/wp-json\/wp\/v2\/pages\/826\/revisions\/1704"}],"wp:attachment":[{"href":"https:\/\/cordonblue.com.tr\/tr\/wp-json\/wp\/v2\/media?parent=826"}],"curies":[{"name":"wp","href":"https:\/\/api.w.org\/{rel}","templated":true}]}}